{"id":1420,"date":"2019-07-23T05:50:12","date_gmt":"2019-07-23T09:50:12","guid":{"rendered":"https:\/\/symposiumdedanville.com\/?page_id=1420"},"modified":"2023-11-22T10:36:15","modified_gmt":"2023-11-22T15:36:15","slug":"eng","status":"publish","type":"page","link":"https:\/\/symposiumdedanville.com\/en\/eng\/","title":{"rendered":"Become a volunteer"},"content":{"rendered":"\t\t<div data-elementor-type=\"wp-page\" data-elementor-id=\"1420\" class=\"elementor elementor-1420 elementor-189\" data-elementor-post-type=\"page\">\n\t\t\t\t<div class=\"elementor-element elementor-element-8d82e21 e-flex e-con-boxed e-con e-parent\" data-id=\"8d82e21\" data-element_type=\"container\" data-e-type=\"container\" data-settings=\"{&quot;jet_parallax_layout_list&quot;:[]}\">\n\t\t\t\t\t<div class=\"e-con-inner\">\n\t\t<div class=\"elementor-element elementor-element-9731bfd e-con-full e-flex e-con e-child\" data-id=\"9731bfd\" data-element_type=\"container\" data-e-type=\"container\" data-settings=\"{&quot;jet_parallax_layout_list&quot;:[]}\">\n\t\t\t\t<div class=\"elementor-element elementor-element-899c36b elementor-widget elementor-widget-heading\" data-id=\"899c36b\" data-element_type=\"widget\" data-e-type=\"widget\" data-widget_type=\"heading.default\">\n\t\t\t\t<div class=\"elementor-widget-container\">\n\t\t\t\t\t<h3 class=\"elementor-heading-title elementor-size-default\">Vous voulez vous impliquer?<\/h3>\t\t\t\t<\/div>\n\t\t\t\t<\/div>\n\t\t\t\t<div class=\"elementor-element elementor-element-8b6a50e elementor-widget elementor-widget-text-editor\" data-id=\"8b6a50e\" data-element_type=\"widget\" data-e-type=\"widget\" data-widget_type=\"text-editor.default\">\n\t\t\t\t<div class=\"elementor-widget-container\">\n\t\t\t\t\t\t\t\t\t<p>Vous vivrez une exp\u00e9rience unique avec une \u00e9quipe de b\u00e9n\u00e9voles hors pair!<\/p>\n\t\t\t\t\t\t\t\t<\/div>\n\t\t\t\t<\/div>\n\t\t\t\t<div class=\"elementor-element elementor-element-eab2427 elementor-widget elementor-widget-image\" data-id=\"eab2427\" data-element_type=\"widget\" data-e-type=\"widget\" data-widget_type=\"image.default\">\n\t\t\t\t<div class=\"elementor-widget-container\">\n\t\t\t\t\t\t\t\t\t\t\t\t\t\t\t<img fetchpriority=\"high\" decoding=\"async\" width=\"800\" height=\"534\" src=\"https:\/\/symposiumdedanville.com\/symposium\/wp-content\/uploads\/2019\/07\/2016-09-03-57-1024x683.jpg\" class=\"attachment-large size-large wp-image-712\" alt=\"\" srcset=\"https:\/\/symposiumdedanville.com\/symposium\/wp-content\/uploads\/2019\/07\/2016-09-03-57-1024x683.jpg 1024w, https:\/\/symposiumdedanville.com\/symposium\/wp-content\/uploads\/2019\/07\/2016-09-03-57-300x200.jpg 300w, https:\/\/symposiumdedanville.com\/symposium\/wp-content\/uploads\/2019\/07\/2016-09-03-57-768x512.jpg 768w, https:\/\/symposiumdedanville.com\/symposium\/wp-content\/uploads\/2019\/07\/2016-09-03-57-219x146.jpg 219w, https:\/\/symposiumdedanville.com\/symposium\/wp-content\/uploads\/2019\/07\/2016-09-03-57-50x33.jpg 50w, https:\/\/symposiumdedanville.com\/symposium\/wp-content\/uploads\/2019\/07\/2016-09-03-57-113x75.jpg 113w, https:\/\/symposiumdedanville.com\/symposium\/wp-content\/uploads\/2019\/07\/2016-09-03-57-600x400.jpg 600w, https:\/\/symposiumdedanville.com\/symposium\/wp-content\/uploads\/2019\/07\/2016-09-03-57.jpg 1152w\" sizes=\"(max-width: 800px) 100vw, 800px\" \/>\t\t\t\t\t\t\t\t\t\t\t\t\t\t\t<\/div>\n\t\t\t\t<\/div>\n\t\t\t\t<\/div>\n\t\t<div class=\"elementor-element elementor-element-1b26e47 e-con-full e-flex e-con e-child\" data-id=\"1b26e47\" data-element_type=\"container\" data-e-type=\"container\" data-settings=\"{&quot;jet_parallax_layout_list&quot;:[]}\">\n\t\t\t\t<div class=\"elementor-element elementor-element-fb60e4d elementor-widget elementor-widget-shortcode\" data-id=\"fb60e4d\" data-element_type=\"widget\" data-e-type=\"widget\" data-widget_type=\"shortcode.default\">\n\t\t\t\t<div class=\"elementor-widget-container\">\n\t\t\t\t\t\t\t<div class=\"elementor-shortcode\"><div id=\"quform-3ce285\" class=\"quform quform-2 quform-support-page-caching\"><form id=\"quform-form-3ce285\" class=\"quform-form quform-form-2\" action=\"\/en\/wp-json\/wp\/v2\/pages\/1420#quform-3ce285\" method=\"post\" enctype=\"multipart\/form-data\" novalidate=\"novalidate\" data-options=\"{&quot;id&quot;:2,&quot;uniqueId&quot;:&quot;3ce285&quot;,&quot;theme&quot;:&quot;&quot;,&quot;ajax&quot;:true,&quot;logic&quot;:{&quot;logic&quot;:[],&quot;dependents&quot;:[],&quot;elementIds&quot;:[],&quot;dependentElementIds&quot;:[],&quot;animate&quot;:true},&quot;currentPageId&quot;:1,&quot;errorsIcon&quot;:&quot;&quot;,&quot;updateFancybox&quot;:true,&quot;hasPages&quot;:false,&quot;pages&quot;:[1],&quot;pageProgressType&quot;:&quot;numbers&quot;,&quot;tooltipsEnabled&quot;:true,&quot;tooltipClasses&quot;:&quot;qtip-quform-dark qtip-shadow&quot;,&quot;tooltipMy&quot;:&quot;left center&quot;,&quot;tooltipAt&quot;:&quot;right center&quot;,&quot;isRtl&quot;:false,&quot;scrollOffset&quot;:-50,&quot;scrollSpeed&quot;:800}\"><button class=\"quform-default-submit\" name=\"quform_submit\" type=\"submit\" value=\"submit\" aria-hidden=\"true\" tabindex=\"-1\"><\/button><div class=\"quform-form-inner quform-form-inner-2\"><input type=\"hidden\" name=\"quform_form_id\" value=\"2\" \/><input type=\"hidden\" name=\"quform_form_uid\" value=\"3ce285\" \/><input type=\"hidden\" name=\"quform_count\" value=\"1\" \/><input type=\"hidden\" name=\"form_url\" value=\"https:\/\/symposiumdedanville.com\/en\/wp-json\/wp\/v2\/pages\/1420\" \/><input type=\"hidden\" name=\"referring_url\" value=\"\" \/><input type=\"hidden\" name=\"post_id\" value=\"\" \/><input type=\"hidden\" name=\"post_title\" value=\"\" \/><input type=\"hidden\" name=\"quform_current_page_id\" value=\"1\" \/><input type=\"hidden\" name=\"quform_csrf_token\" value=\"jfc7wyLe6NKZXytV3EoYomgdRjd8BKekTpRqDk8y\" \/><div class=\"quform-elements quform-elements-2 quform-cf quform-responsive-elements-phone-landscape\"><div class=\"quform-element quform-element-page quform-page-1 quform-page-2_1 quform-cf quform-group-style-plain quform-first-page quform-last-page quform-current-page\"><div class=\"quform-child-elements\"><div class=\"quform-element quform-element-row quform-element-row-2_4 quform-2-columns quform-element-row-size-fixed quform-responsive-columns-phone-landscape\"><div class=\"quform-element quform-element-column quform-element-2_5\"><div class=\"quform-element quform-element-text quform-element-2_3 quform-cf quform-labels-inside quform-element-required\"><div class=\"quform-spacer\"><div class=\"quform-label quform-label-2_3\"><label class=\"quform-label-text\" for=\"quform_2_3_3ce285\">Pr\u00e9nom<span class=\"quform-required\">*<\/span><\/label><\/div><div class=\"quform-inner quform-inner-text quform-inner-2_3\"><div class=\"quform-input quform-input-text quform-input-2_3 quform-cf\"><input type=\"text\" id=\"quform_2_3_3ce285\" name=\"quform_2_3\" class=\"quform-field quform-field-text quform-field-2_3\" \/><\/div><\/div><\/div><\/div><\/div><div class=\"quform-element quform-element-column quform-element-2_6\"><div class=\"quform-element quform-element-text quform-element-2_7 quform-cf quform-labels-inside quform-element-required\"><div class=\"quform-spacer\"><div class=\"quform-label quform-label-2_7\"><label class=\"quform-label-text\" for=\"quform_2_7_3ce285\">Nom<span class=\"quform-required\">*<\/span><\/label><\/div><div class=\"quform-inner quform-inner-text quform-inner-2_7\"><div class=\"quform-input quform-input-text quform-input-2_7 quform-cf\"><input type=\"text\" id=\"quform_2_7_3ce285\" name=\"quform_2_7\" class=\"quform-field quform-field-text quform-field-2_7\" \/><\/div><\/div><\/div><\/div><\/div><\/div><div class=\"quform-element quform-element-row quform-element-row-2_8 quform-2-columns quform-element-row-size-fixed quform-responsive-columns-phone-landscape\"><div class=\"quform-element quform-element-column quform-element-2_9\"><div class=\"quform-element quform-element-email quform-element-2_12 quform-cf quform-labels-inside quform-element-required\"><div class=\"quform-spacer\"><div class=\"quform-label quform-label-2_12\"><label class=\"quform-label-text\" for=\"quform_2_12_3ce285\">Adresse \u00e9lectronique<span class=\"quform-required\">*<\/span><\/label><\/div><div class=\"quform-inner quform-inner-email quform-inner-2_12\"><div class=\"quform-input quform-input-email quform-input-2_12 quform-cf\"><input type=\"email\" id=\"quform_2_12_3ce285\" name=\"quform_2_12\" class=\"quform-field quform-field-email quform-field-2_12\" \/><\/div><\/div><\/div><\/div><\/div><div class=\"quform-element quform-element-column quform-element-2_10\"><div class=\"quform-element quform-element-text quform-element-2_11 quform-cf quform-labels-inside quform-element-required\"><div class=\"quform-spacer\"><div class=\"quform-label quform-label-2_11\"><label class=\"quform-label-text\" for=\"quform_2_11_3ce285\">T\u00e9l\u00e9phone<span class=\"quform-required\">*<\/span><\/label><\/div><div class=\"quform-inner quform-inner-text quform-inner-2_11\"><div class=\"quform-input quform-input-text quform-input-2_11 quform-cf\"><input type=\"text\" id=\"quform_2_11_3ce285\" name=\"quform_2_11\" class=\"quform-field quform-field-text quform-field-2_11\" \/><\/div><\/div><\/div><\/div><\/div><\/div><div class=\"quform-element quform-element-textarea quform-element-2_20 quform-cf quform-labels-inside quform-element-optional\"><div class=\"quform-spacer\"><div class=\"quform-label quform-label-2_20\"><label class=\"quform-label-text\" for=\"quform_2_20_3ce285\">Commentaires ou autres demandes<\/label><\/div><div class=\"quform-inner quform-inner-textarea quform-inner-2_20\"><div class=\"quform-input quform-input-textarea quform-input-2_20 quform-cf\"><textarea id=\"quform_2_20_3ce285\" name=\"quform_2_20\" class=\"quform-field quform-field-textarea quform-field-2_20\"><\/textarea><\/div><\/div><\/div><\/div><div class=\"quform-element quform-element-submit quform-element-2_2 quform-cf quform-button-style-theme\"><div class=\"quform-button-submit quform-button-submit-default quform-button-submit-2_2\"><button name=\"quform_submit\" type=\"submit\" class=\"quform-submit\" value=\"submit\"><span class=\"quform-button-text quform-button-submit-text\">Send<\/span><\/button><\/div><div class=\"quform-loading quform-loading-position-left quform-loading-type-spinner-1\"><div class=\"quform-loading-inner\"><div class=\"quform-loading-spinner\"><div class=\"quform-loading-spinner-inner\"><\/div><\/div><\/div><\/div><\/div><div class=\"quform-element-tree\"><label for=\"quform_2_0_3ce285\">This field should be left blank<\/label><input type=\"text\" id=\"quform_2_0_3ce285\" name=\"quform_2_0\" class=\"quform-field quform-field-tree quform-field-2_0\" tabindex=\"-1\" autocomplete=\"off\" \/><\/div><\/div><\/div><\/div><\/div><\/form><\/div><\/div>\n\t\t\t\t\t\t<\/div>\n\t\t\t\t<\/div>\n\t\t\t\t<\/div>\n\t\t\t\t\t<\/div>\n\t\t\t\t<\/div>\n\t\t\t\t<\/div>\n\t\t","protected":false},"excerpt":{"rendered":"<p>Vous voulez vous impliquer? Vous vivrez une exp\u00e9rience unique avec une \u00e9quipe de b\u00e9n\u00e9voles hors pair!<\/p>\n","protected":false},"author":1,"featured_media":1425,"parent":0,"menu_order":0,"comment_status":"closed","ping_status":"closed","template":"","meta":{"_exactmetrics_skip_tracking":false,"_exactmetrics_sitenote_active":false,"_exactmetrics_sitenote_note":"","_exactmetrics_sitenote_category":0,"footnotes":""},"class_list":["post-1420","page","type-page","status-publish","has-post-thumbnail","hentry"],"yoast_head":"<!-- This site is optimized with the Yoast SEO plugin v27.3 - https:\/\/yoast.com\/product\/yoast-seo-wordpress\/ -->\n<title>Become a volunteer - Symposium des arts de Danville<\/title>\n<meta name=\"robots\" content=\"index, follow, max-snippet:-1, max-image-preview:large, max-video-preview:-1\" \/>\n<link rel=\"canonical\" href=\"https:\/\/symposiumdedanville.com\/en\/eng\/\" \/>\n<meta property=\"og:locale\" content=\"en_US\" \/>\n<meta property=\"og:type\" content=\"article\" \/>\n<meta property=\"og:title\" content=\"Become a volunteer - Symposium des arts de Danville\" \/>\n<meta property=\"og:description\" content=\"Vous voulez vous impliquer? Vous vivrez une exp\u00e9rience unique avec une \u00e9quipe de b\u00e9n\u00e9voles hors pair!\" \/>\n<meta property=\"og:url\" content=\"https:\/\/symposiumdedanville.com\/en\/eng\/\" \/>\n<meta property=\"og:site_name\" content=\"Symposium des arts de Danville\" \/>\n<meta property=\"article:publisher\" content=\"https:\/\/www.facebook.com\/symposiumdedanville\" \/>\n<meta property=\"article:modified_time\" content=\"2023-11-22T15:36:15+00:00\" \/>\n<meta property=\"og:image\" content=\"https:\/\/symposiumdedanville.com\/symposium\/wp-content\/uploads\/2019\/07\/Symposium-des-arts-danville-benevoles-310x310-v1.jpg\" \/>\n\t<meta property=\"og:image:width\" content=\"310\" \/>\n\t<meta property=\"og:image:height\" content=\"310\" \/>\n\t<meta property=\"og:image:type\" content=\"image\/jpeg\" \/>\n<meta name=\"twitter:card\" content=\"summary_large_image\" \/>\n<script type=\"application\/ld+json\" class=\"yoast-schema-graph\">{\"@context\":\"https:\\\/\\\/schema.org\",\"@graph\":[{\"@type\":\"WebPage\",\"@id\":\"https:\\\/\\\/symposiumdedanville.com\\\/en\\\/eng\\\/\",\"url\":\"https:\\\/\\\/symposiumdedanville.com\\\/en\\\/eng\\\/\",\"name\":\"Become a volunteer - Symposium des arts de Danville\",\"isPartOf\":{\"@id\":\"https:\\\/\\\/symposiumdedanville.com\\\/en\\\/#website\"},\"primaryImageOfPage\":{\"@id\":\"https:\\\/\\\/symposiumdedanville.com\\\/en\\\/eng\\\/#primaryimage\"},\"image\":{\"@id\":\"https:\\\/\\\/symposiumdedanville.com\\\/en\\\/eng\\\/#primaryimage\"},\"thumbnailUrl\":\"https:\\\/\\\/symposiumdedanville.com\\\/symposium\\\/wp-content\\\/uploads\\\/2019\\\/07\\\/Symposium-des-arts-danville-benevoles-310x310-v1.jpg\",\"datePublished\":\"2019-07-23T09:50:12+00:00\",\"dateModified\":\"2023-11-22T15:36:15+00:00\",\"breadcrumb\":{\"@id\":\"https:\\\/\\\/symposiumdedanville.com\\\/en\\\/eng\\\/#breadcrumb\"},\"inLanguage\":\"en-US\",\"potentialAction\":[{\"@type\":\"ReadAction\",\"target\":[\"https:\\\/\\\/symposiumdedanville.com\\\/en\\\/eng\\\/\"]}]},{\"@type\":\"ImageObject\",\"inLanguage\":\"en-US\",\"@id\":\"https:\\\/\\\/symposiumdedanville.com\\\/en\\\/eng\\\/#primaryimage\",\"url\":\"https:\\\/\\\/symposiumdedanville.com\\\/symposium\\\/wp-content\\\/uploads\\\/2019\\\/07\\\/Symposium-des-arts-danville-benevoles-310x310-v1.jpg\",\"contentUrl\":\"https:\\\/\\\/symposiumdedanville.com\\\/symposium\\\/wp-content\\\/uploads\\\/2019\\\/07\\\/Symposium-des-arts-danville-benevoles-310x310-v1.jpg\",\"width\":310,\"height\":310},{\"@type\":\"BreadcrumbList\",\"@id\":\"https:\\\/\\\/symposiumdedanville.com\\\/en\\\/eng\\\/#breadcrumb\",\"itemListElement\":[{\"@type\":\"ListItem\",\"position\":1,\"name\":\"Symposium des arts de Danville\",\"item\":\"https:\\\/\\\/symposiumdedanville.com\\\/en\\\/\"},{\"@type\":\"ListItem\",\"position\":2,\"name\":\"Become a volunteer\"}]},{\"@type\":\"WebSite\",\"@id\":\"https:\\\/\\\/symposiumdedanville.com\\\/en\\\/#website\",\"url\":\"https:\\\/\\\/symposiumdedanville.com\\\/en\\\/\",\"name\":\"Symposium des arts de Danville\",\"description\":\"\u00c9v\u00e8nement culturel et touristique de haute qualit\u00e9 o\u00f9 des artistes professionnels en arts visuels provenant de toutes les r\u00e9gions du Qu\u00e9bec.\",\"publisher\":{\"@id\":\"https:\\\/\\\/symposiumdedanville.com\\\/en\\\/#organization\"},\"potentialAction\":[{\"@type\":\"SearchAction\",\"target\":{\"@type\":\"EntryPoint\",\"urlTemplate\":\"https:\\\/\\\/symposiumdedanville.com\\\/en\\\/?s={search_term_string}\"},\"query-input\":{\"@type\":\"PropertyValueSpecification\",\"valueRequired\":true,\"valueName\":\"search_term_string\"}}],\"inLanguage\":\"en-US\"},{\"@type\":\"Organization\",\"@id\":\"https:\\\/\\\/symposiumdedanville.com\\\/en\\\/#organization\",\"name\":\"Symposium des arts de Danville\",\"url\":\"https:\\\/\\\/symposiumdedanville.com\\\/en\\\/\",\"logo\":{\"@type\":\"ImageObject\",\"inLanguage\":\"en-US\",\"@id\":\"https:\\\/\\\/symposiumdedanville.com\\\/en\\\/#\\\/schema\\\/logo\\\/image\\\/\",\"url\":\"https:\\\/\\\/symposiumdedanville.com\\\/symposium\\\/wp-content\\\/uploads\\\/2019\\\/07\\\/Logo-Symposium-Art-Danville.png\",\"contentUrl\":\"https:\\\/\\\/symposiumdedanville.com\\\/symposium\\\/wp-content\\\/uploads\\\/2019\\\/07\\\/Logo-Symposium-Art-Danville.png\",\"width\":300,\"height\":218,\"caption\":\"Symposium des arts de Danville\"},\"image\":{\"@id\":\"https:\\\/\\\/symposiumdedanville.com\\\/en\\\/#\\\/schema\\\/logo\\\/image\\\/\"},\"sameAs\":[\"https:\\\/\\\/www.facebook.com\\\/symposiumdedanville\"]}]}<\/script>\n<!-- \/ Yoast SEO plugin. -->","yoast_head_json":{"title":"Become a volunteer - Symposium des arts de Danville","robots":{"index":"index","follow":"follow","max-snippet":"max-snippet:-1","max-image-preview":"max-image-preview:large","max-video-preview":"max-video-preview:-1"},"canonical":"https:\/\/symposiumdedanville.com\/en\/eng\/","og_locale":"en_US","og_type":"article","og_title":"Become a volunteer - Symposium des arts de Danville","og_description":"Vous voulez vous impliquer? Vous vivrez une exp\u00e9rience unique avec une \u00e9quipe de b\u00e9n\u00e9voles hors pair!","og_url":"https:\/\/symposiumdedanville.com\/en\/eng\/","og_site_name":"Symposium des arts de Danville","article_publisher":"https:\/\/www.facebook.com\/symposiumdedanville","article_modified_time":"2023-11-22T15:36:15+00:00","og_image":[{"width":310,"height":310,"url":"https:\/\/symposiumdedanville.com\/symposium\/wp-content\/uploads\/2019\/07\/Symposium-des-arts-danville-benevoles-310x310-v1.jpg","type":"image\/jpeg"}],"twitter_card":"summary_large_image","schema":{"@context":"https:\/\/schema.org","@graph":[{"@type":"WebPage","@id":"https:\/\/symposiumdedanville.com\/en\/eng\/","url":"https:\/\/symposiumdedanville.com\/en\/eng\/","name":"Become a volunteer - Symposium des arts de Danville","isPartOf":{"@id":"https:\/\/symposiumdedanville.com\/en\/#website"},"primaryImageOfPage":{"@id":"https:\/\/symposiumdedanville.com\/en\/eng\/#primaryimage"},"image":{"@id":"https:\/\/symposiumdedanville.com\/en\/eng\/#primaryimage"},"thumbnailUrl":"https:\/\/symposiumdedanville.com\/symposium\/wp-content\/uploads\/2019\/07\/Symposium-des-arts-danville-benevoles-310x310-v1.jpg","datePublished":"2019-07-23T09:50:12+00:00","dateModified":"2023-11-22T15:36:15+00:00","breadcrumb":{"@id":"https:\/\/symposiumdedanville.com\/en\/eng\/#breadcrumb"},"inLanguage":"en-US","potentialAction":[{"@type":"ReadAction","target":["https:\/\/symposiumdedanville.com\/en\/eng\/"]}]},{"@type":"ImageObject","inLanguage":"en-US","@id":"https:\/\/symposiumdedanville.com\/en\/eng\/#primaryimage","url":"https:\/\/symposiumdedanville.com\/symposium\/wp-content\/uploads\/2019\/07\/Symposium-des-arts-danville-benevoles-310x310-v1.jpg","contentUrl":"https:\/\/symposiumdedanville.com\/symposium\/wp-content\/uploads\/2019\/07\/Symposium-des-arts-danville-benevoles-310x310-v1.jpg","width":310,"height":310},{"@type":"BreadcrumbList","@id":"https:\/\/symposiumdedanville.com\/en\/eng\/#breadcrumb","itemListElement":[{"@type":"ListItem","position":1,"name":"Symposium des arts de Danville","item":"https:\/\/symposiumdedanville.com\/en\/"},{"@type":"ListItem","position":2,"name":"Become a volunteer"}]},{"@type":"WebSite","@id":"https:\/\/symposiumdedanville.com\/en\/#website","url":"https:\/\/symposiumdedanville.com\/en\/","name":"Symposium des arts de Danville","description":"\u00c9v\u00e8nement culturel et touristique de haute qualit\u00e9 o\u00f9 des artistes professionnels en arts visuels provenant de toutes les r\u00e9gions du Qu\u00e9bec.","publisher":{"@id":"https:\/\/symposiumdedanville.com\/en\/#organization"},"potentialAction":[{"@type":"SearchAction","target":{"@type":"EntryPoint","urlTemplate":"https:\/\/symposiumdedanville.com\/en\/?s={search_term_string}"},"query-input":{"@type":"PropertyValueSpecification","valueRequired":true,"valueName":"search_term_string"}}],"inLanguage":"en-US"},{"@type":"Organization","@id":"https:\/\/symposiumdedanville.com\/en\/#organization","name":"Symposium des arts de Danville","url":"https:\/\/symposiumdedanville.com\/en\/","logo":{"@type":"ImageObject","inLanguage":"en-US","@id":"https:\/\/symposiumdedanville.com\/en\/#\/schema\/logo\/image\/","url":"https:\/\/symposiumdedanville.com\/symposium\/wp-content\/uploads\/2019\/07\/Logo-Symposium-Art-Danville.png","contentUrl":"https:\/\/symposiumdedanville.com\/symposium\/wp-content\/uploads\/2019\/07\/Logo-Symposium-Art-Danville.png","width":300,"height":218,"caption":"Symposium des arts de Danville"},"image":{"@id":"https:\/\/symposiumdedanville.com\/en\/#\/schema\/logo\/image\/"},"sameAs":["https:\/\/www.facebook.com\/symposiumdedanville"]}]}},"_links":{"self":[{"href":"https:\/\/symposiumdedanville.com\/en\/wp-json\/wp\/v2\/pages\/1420","targetHints":{"allow":["GET"]}}],"collection":[{"href":"https:\/\/symposiumdedanville.com\/en\/wp-json\/wp\/v2\/pages"}],"about":[{"href":"https:\/\/symposiumdedanville.com\/en\/wp-json\/wp\/v2\/types\/page"}],"author":[{"embeddable":true,"href":"https:\/\/symposiumdedanville.com\/en\/wp-json\/wp\/v2\/users\/1"}],"replies":[{"embeddable":true,"href":"https:\/\/symposiumdedanville.com\/en\/wp-json\/wp\/v2\/comments?post=1420"}],"version-history":[{"count":6,"href":"https:\/\/symposiumdedanville.com\/en\/wp-json\/wp\/v2\/pages\/1420\/revisions"}],"predecessor-version":[{"id":4868,"href":"https:\/\/symposiumdedanville.com\/en\/wp-json\/wp\/v2\/pages\/1420\/revisions\/4868"}],"wp:featuredmedia":[{"embeddable":true,"href":"https:\/\/symposiumdedanville.com\/en\/wp-json\/wp\/v2\/media\/1425"}],"wp:attachment":[{"href":"https:\/\/symposiumdedanville.com\/en\/wp-json\/wp\/v2\/media?parent=1420"}],"curies":[{"name":"wp","href":"https:\/\/api.w.org\/{rel}","templated":true}]}}