{"id":1455,"date":"2019-07-23T05:48:10","date_gmt":"2019-07-23T09:48:10","guid":{"rendered":"https:\/\/symposiumdedanville.com\/programming\/artists\/"},"modified":"2025-10-01T08:37:34","modified_gmt":"2025-10-01T12:37:34","slug":"artistes-2023","status":"publish","type":"page","link":"https:\/\/symposiumdedanville.com\/en\/2026-program\/artists\/","title":{"rendered":"Artists"},"content":{"rendered":"\t\t<div data-elementor-type=\"wp-page\" data-elementor-id=\"1455\" class=\"elementor elementor-1455 elementor-177\" data-elementor-post-type=\"page\">\n\t\t\t\t<div class=\"elementor-element elementor-element-9816da8 e-flex e-con-boxed e-con e-parent\" data-id=\"9816da8\" data-element_type=\"container\" data-e-type=\"container\" data-settings=\"{&quot;jet_parallax_layout_list&quot;:[]}\">\n\t\t\t\t\t<div class=\"e-con-inner\">\n\t\t\t\t<div class=\"elementor-element elementor-element-57dd1bc elementor-widget elementor-widget-jet-smart-filters-radio\" data-id=\"57dd1bc\" data-element_type=\"widget\" data-e-type=\"widget\" data-widget_type=\"jet-smart-filters-radio.default\">\n\t\t\t\t<div class=\"elementor-widget-container\">\n\t\t\t\t\t<div class=\"jet-smart-filters-radio jet-filter \" data-indexer-rule=\"show\" data-show-counter=\"\" data-change-counter=\"always\"><div class=\"jet-radio-list\" data-query-type=\"tax_query\" data-query-var=\"salle-exposition\" data-smart-filter=\"radio\" data-filter-id=\"4304\" data-apply-type=\"ajax\" data-content-provider=\"jet-engine\" data-additional-providers=\"\" data-query-id=\"liste-des-artistes\" data-active-label=\"\" data-layout-options=\"{&quot;show_label&quot;:&quot;&quot;,&quot;display_options&quot;:{&quot;show_items_label&quot;:false,&quot;show_decorator&quot;:false,&quot;filter_image_size&quot;:&quot;full&quot;,&quot;show_counter&quot;:false}}\" data-query-var-suffix=\"\" data-apply-on=\"value\" data-can-deselect=\"1\"><form class=\"jet-radio-list-wrapper\"><fieldset><legend style=\"display:none;\">Filtre artiste par salle<\/legend><div class=\"jet-radio-list__row jet-filter-row\">\n\t\t<label class=\"jet-radio-list__item\" >\n\t\t<input\n\t\t\ttype=\"radio\"\n\t\t\tclass=\"jet-radio-list__input\"\n\t\t\tname=\"salle-exposition\"\n\t\t\tvalue=\"all\"\n\t\t\tdata-label=\"Tous\"\n\t\t\t\t\t\taria-label=\"Tous\"\n\t\t\t\t\t>\n\t\t<div class=\"jet-radio-list__button\">\n\t\t\t\t\t\t<span class=\"jet-radio-list__label\">Tous<\/span>\n\t\t\t\t\t<\/div>\n\t<\/label>\n<\/div><div class=\"jet-radio-list__row jet-filter-row\">\n\t\t<label class=\"jet-radio-list__item\" >\n\t\t<input\n\t\t\ttype=\"radio\"\n\t\t\tclass=\"jet-radio-list__input\"\n\t\t\tname=\"salle-exposition\"\n\t\t\tvalue=\"117\"\n\t\t\tdata-label=\"#1 - Salle Toyota Richmond \u00abCentre Mgr Thibault\u00bb\"\n\t\t\t\t\t\taria-label=\"#1 - Salle Toyota Richmond \u00abCentre Mgr Thibault\u00bb\"\n\t\t\t\t\t>\n\t\t<div class=\"jet-radio-list__button\">\n\t\t\t\t\t\t<span class=\"jet-radio-list__label\">#1 - Salle Toyota Richmond \u00abCentre Mgr Thibault\u00bb<\/span>\n\t\t\t\t\t<\/div>\n\t<\/label>\n<\/div><div class=\"jet-radio-list__row jet-filter-row\">\n\t\t<label class=\"jet-radio-list__item\" >\n\t\t<input\n\t\t\ttype=\"radio\"\n\t\t\tclass=\"jet-radio-list__input\"\n\t\t\tname=\"salle-exposition\"\n\t\t\tvalue=\"113\"\n\t\t\tdata-label=\"#2- Espace du Carmel\"\n\t\t\t\t\t\taria-label=\"#2- Espace du Carmel\"\n\t\t\t\t\t>\n\t\t<div class=\"jet-radio-list__button\">\n\t\t\t\t\t\t<span class=\"jet-radio-list__label\">#2- Espace du Carmel<\/span>\n\t\t\t\t\t<\/div>\n\t<\/label>\n<\/div><div class=\"jet-radio-list__row jet-filter-row\">\n\t\t<label class=\"jet-radio-list__item\" >\n\t\t<input\n\t\t\ttype=\"radio\"\n\t\t\tclass=\"jet-radio-list__input\"\n\t\t\tname=\"salle-exposition\"\n\t\t\tvalue=\"105\"\n\t\t\tdata-label=\"#3 - St-Augustine Anglican Church\"\n\t\t\t\t\t\taria-label=\"#3 - St-Augustine Anglican Church\"\n\t\t\t\t\t>\n\t\t<div class=\"jet-radio-list__button\">\n\t\t\t\t\t\t<span class=\"jet-radio-list__label\">#3 - St-Augustine Anglican Church<\/span>\n\t\t\t\t\t<\/div>\n\t<\/label>\n<\/div><div class=\"jet-radio-list__row jet-filter-row\">\n\t\t<label class=\"jet-radio-list__item\" >\n\t\t<input\n\t\t\ttype=\"radio\"\n\t\t\tclass=\"jet-radio-list__input\"\n\t\t\tname=\"salle-exposition\"\n\t\t\tvalue=\"101\"\n\t\t\tdata-label=\"#4 - \u00c9glise Saint-Anne\"\n\t\t\t\t\t\taria-label=\"#4 - \u00c9glise Saint-Anne\"\n\t\t\t\t\t>\n\t\t<div class=\"jet-radio-list__button\">\n\t\t\t\t\t\t<span class=\"jet-radio-list__label\">#4 - \u00c9glise Saint-Anne<\/span>\n\t\t\t\t\t<\/div>\n\t<\/label>\n<\/div><div class=\"jet-radio-list__row jet-filter-row\">\n\t\t<label class=\"jet-radio-list__item\" >\n\t\t<input\n\t\t\ttype=\"radio\"\n\t\t\tclass=\"jet-radio-list__input\"\n\t\t\tname=\"salle-exposition\"\n\t\t\tvalue=\"114\"\n\t\t\tdata-label=\"#5- Galerie GdeBr\"\n\t\t\t\t\t\taria-label=\"#5- Galerie GdeBr\"\n\t\t\t\t\t>\n\t\t<div class=\"jet-radio-list__button\">\n\t\t\t\t\t\t<span class=\"jet-radio-list__label\">#5- Galerie GdeBr<\/span>\n\t\t\t\t\t<\/div>\n\t<\/label>\n<\/div><div class=\"jet-radio-list__row jet-filter-row\">\n\t\t<label class=\"jet-radio-list__item\" >\n\t\t<input\n\t\t\ttype=\"radio\"\n\t\t\tclass=\"jet-radio-list__input\"\n\t\t\tname=\"salle-exposition\"\n\t\t\tvalue=\"121\"\n\t\t\tdata-label=\"Artistes locaux\"\n\t\t\t\t\t\taria-label=\"Artistes locaux\"\n\t\t\t\t\t>\n\t\t<div class=\"jet-radio-list__button\">\n\t\t\t\t\t\t<span class=\"jet-radio-list__label\">Artistes locaux<\/span>\n\t\t\t\t\t<\/div>\n\t<\/label>\n<\/div><\/fieldset><\/form><\/div>\n<\/div>\t\t\t\t<\/div>\n\t\t\t\t<\/div>\n\t\t\t\t<div class=\"elementor-element elementor-element-a37078d elementor-widget elementor-widget-jet-listing-grid\" data-id=\"a37078d\" data-element_type=\"widget\" data-e-type=\"widget\" data-settings=\"{&quot;columns&quot;:&quot;5&quot;,&quot;columns_tablet&quot;:&quot;3&quot;,&quot;columns_mobile&quot;:&quot;1&quot;}\" data-widget_type=\"jet-listing-grid.default\">\n\t\t\t\t<div class=\"elementor-widget-container\">\n\t\t\t\t\t<div class=\"jet-listing-grid jet-listing\"><div class=\"jet-listing-not-found jet-listing-grid__items\" data-nav=\"{&quot;enabled&quot;:false,&quot;type&quot;:null,&quot;more_el&quot;:null,&quot;query&quot;:[],&quot;widget_settings&quot;:{&quot;lisitng_id&quot;:4295,&quot;posts_num&quot;:14,&quot;columns&quot;:5,&quot;columns_tablet&quot;:3,&quot;columns_mobile&quot;:1,&quot;column_min_width&quot;:240,&quot;column_min_width_tablet&quot;:240,&quot;column_min_width_mobile&quot;:240,&quot;inline_columns_css&quot;:false,&quot;is_archive_template&quot;:&quot;&quot;,&quot;post_status&quot;:[&quot;publish&quot;],&quot;use_random_posts_num&quot;:&quot;&quot;,&quot;max_posts_num&quot;:9,&quot;not_found_message&quot;:&quot;To be confirmed&quot;,&quot;is_masonry&quot;:true,&quot;equal_columns_height&quot;:&quot;&quot;,&quot;use_load_more&quot;:&quot;&quot;,&quot;load_more_id&quot;:&quot;&quot;,&quot;load_more_type&quot;:&quot;scroll&quot;,&quot;load_more_offset&quot;:{&quot;unit&quot;:&quot;px&quot;,&quot;size&quot;:0,&quot;sizes&quot;:[]},&quot;use_custom_post_types&quot;:&quot;&quot;,&quot;custom_post_types&quot;:[],&quot;hide_widget_if&quot;:&quot;&quot;,&quot;carousel_enabled&quot;:&quot;&quot;,&quot;slides_to_scroll&quot;:&quot;1&quot;,&quot;arrows&quot;:&quot;true&quot;,&quot;arrow_icon&quot;:&quot;fa fa-angle-left&quot;,&quot;dots&quot;:&quot;&quot;,&quot;autoplay&quot;:&quot;true&quot;,&quot;pause_on_hover&quot;:&quot;true&quot;,&quot;autoplay_speed&quot;:5000,&quot;infinite&quot;:&quot;true&quot;,&quot;center_mode&quot;:&quot;&quot;,&quot;effect&quot;:&quot;slide&quot;,&quot;speed&quot;:500,&quot;inject_alternative_items&quot;:&quot;&quot;,&quot;injection_items&quot;:[],&quot;scroll_slider_enabled&quot;:&quot;&quot;,&quot;scroll_slider_on&quot;:[&quot;desktop&quot;,&quot;tablet&quot;,&quot;mobile&quot;],&quot;custom_query&quot;:false,&quot;custom_query_id&quot;:&quot;&quot;,&quot;_element_id&quot;:&quot;&quot;,&quot;collapse_first_last_gap&quot;:false,&quot;list_tag_selection&quot;:&quot;&quot;,&quot;list_items_wrapper_tag&quot;:&quot;div&quot;,&quot;list_item_tag&quot;:&quot;div&quot;,&quot;empty_items_wrapper_tag&quot;:&quot;div&quot;}}\" data-listing-source=\"posts\" data-listing-id=\"4295\" data-query-id=\"\" data-masonry-grid-options=\"{&quot;columns&quot;:{&quot;desktop&quot;:5,&quot;tablet&quot;:3,&quot;mobile&quot;:1}}\" data-queried-id=\"1455|WP_Post\">To be confirmed<\/div><\/div>\t\t\t\t<\/div>\n\t\t\t\t<\/div>\n\t\t\t\t<div class=\"elementor-element elementor-element-1d710dd elementor-widget elementor-widget-jet-smart-filters-pagination\" data-id=\"1d710dd\" data-element_type=\"widget\" data-e-type=\"widget\" data-widget_type=\"jet-smart-filters-pagination.default\">\n\t\t\t\t<div class=\"elementor-widget-container\">\n\t\t\t\t\t<div\n\t\t\t\tclass=\"jet-smart-filters-pagination jet-filter\"\n\t\t\t\tdata-apply-provider=\"jet-engine\"\n\t\t\t\tdata-content-provider=\"jet-engine\"\n\t\t\t\tdata-query-id=\"liste-des-artistes\"\n\t\t\t\tdata-controls=\"{&quot;items_enabled&quot;:true,&quot;pages_mid_size&quot;:0,&quot;pages_end_size&quot;:0,&quot;nav_enabled&quot;:false,&quot;load_more_enabled&quot;:false}\"\n\t\t\t\tdata-apply-type=\"ajax\"\n\t\t\t><\/div>\t\t\t\t<\/div>\n\t\t\t\t<\/div>\n\t\t\t\t\t<\/div>\n\t\t\t\t<\/div>\n\t\t\t\t<\/div>\n\t\t","protected":false},"excerpt":{"rendered":"<p>Filtre artiste par salle Tous #1 &#8211; Salle Toyota Richmond \u00abCentre Mgr Thibault\u00bb #2- Espace du Carmel #3 &#8211; St-Augustine Anglican Church #4 &#8211; \u00c9glise Saint-Anne #5- Galerie GdeBr Artistes locaux To be confirmed<\/p>\n","protected":false},"author":1,"featured_media":3879,"parent":1453,"menu_order":0,"comment_status":"closed","ping_status":"closed","template":"","meta":{"_exactmetrics_skip_tracking":false,"_exactmetrics_sitenote_active":false,"_exactmetrics_sitenote_note":"","_exactmetrics_sitenote_category":0,"footnotes":""},"class_list":["post-1455","page","type-page","status-publish","has-post-thumbnail","hentry"],"yoast_head":"<!-- This site is optimized with the Yoast SEO plugin v27.3 - https:\/\/yoast.com\/product\/yoast-seo-wordpress\/ -->\n<title>Artists - Symposium des arts de Danville<\/title>\n<meta name=\"robots\" content=\"index, follow, max-snippet:-1, max-image-preview:large, max-video-preview:-1\" \/>\n<link rel=\"canonical\" href=\"https:\/\/symposiumdedanville.com\/en\/2026-program\/artists\/\" \/>\n<meta property=\"og:locale\" content=\"en_US\" \/>\n<meta property=\"og:type\" content=\"article\" \/>\n<meta property=\"og:title\" content=\"Artists - Symposium des arts de Danville\" \/>\n<meta property=\"og:description\" content=\"Filtre artiste par salle Tous #1 &#8211; Salle Toyota Richmond \u00abCentre Mgr Thibault\u00bb #2- Espace du Carmel #3 &#8211; St-Augustine Anglican Church #4 &#8211; \u00c9glise Saint-Anne #5- Galerie GdeBr Artistes locaux To be confirmed\" \/>\n<meta property=\"og:url\" content=\"https:\/\/symposiumdedanville.com\/en\/2026-program\/artists\/\" \/>\n<meta property=\"og:site_name\" content=\"Symposium des arts de Danville\" \/>\n<meta property=\"article:publisher\" content=\"https:\/\/www.facebook.com\/symposiumdedanville\" \/>\n<meta property=\"article:modified_time\" content=\"2025-10-01T12:37:34+00:00\" \/>\n<meta property=\"og:image\" content=\"https:\/\/symposiumdedanville.com\/symposium\/wp-content\/uploads\/2019\/07\/SymposiumDanville-banniere-web-artiste-2019-v1.jpg\" \/>\n\t<meta property=\"og:image:width\" content=\"1920\" \/>\n\t<meta property=\"og:image:height\" content=\"480\" \/>\n\t<meta property=\"og:image:type\" content=\"image\/jpeg\" \/>\n<meta name=\"twitter:card\" content=\"summary_large_image\" \/>\n<meta name=\"twitter:label1\" content=\"Est. reading time\" \/>\n\t<meta name=\"twitter:data1\" content=\"1 minute\" \/>\n<script type=\"application\/ld+json\" class=\"yoast-schema-graph\">{\"@context\":\"https:\\\/\\\/schema.org\",\"@graph\":[{\"@type\":\"WebPage\",\"@id\":\"https:\\\/\\\/symposiumdedanville.com\\\/en\\\/2026-program\\\/artists\\\/\",\"url\":\"https:\\\/\\\/symposiumdedanville.com\\\/en\\\/2026-program\\\/artists\\\/\",\"name\":\"Artists - Symposium des arts de Danville\",\"isPartOf\":{\"@id\":\"https:\\\/\\\/symposiumdedanville.com\\\/en\\\/#website\"},\"primaryImageOfPage\":{\"@id\":\"https:\\\/\\\/symposiumdedanville.com\\\/en\\\/2026-program\\\/artists\\\/#primaryimage\"},\"image\":{\"@id\":\"https:\\\/\\\/symposiumdedanville.com\\\/en\\\/2026-program\\\/artists\\\/#primaryimage\"},\"thumbnailUrl\":\"https:\\\/\\\/symposiumdedanville.com\\\/symposium\\\/wp-content\\\/uploads\\\/2019\\\/07\\\/SymposiumDanville-banniere-web-artiste-2019-v1.jpg\",\"datePublished\":\"2019-07-23T09:48:10+00:00\",\"dateModified\":\"2025-10-01T12:37:34+00:00\",\"breadcrumb\":{\"@id\":\"https:\\\/\\\/symposiumdedanville.com\\\/en\\\/2026-program\\\/artists\\\/#breadcrumb\"},\"inLanguage\":\"en-US\",\"potentialAction\":[{\"@type\":\"ReadAction\",\"target\":[\"https:\\\/\\\/symposiumdedanville.com\\\/en\\\/2026-program\\\/artists\\\/\"]}]},{\"@type\":\"ImageObject\",\"inLanguage\":\"en-US\",\"@id\":\"https:\\\/\\\/symposiumdedanville.com\\\/en\\\/2026-program\\\/artists\\\/#primaryimage\",\"url\":\"https:\\\/\\\/symposiumdedanville.com\\\/symposium\\\/wp-content\\\/uploads\\\/2019\\\/07\\\/SymposiumDanville-banniere-web-artiste-2019-v1.jpg\",\"contentUrl\":\"https:\\\/\\\/symposiumdedanville.com\\\/symposium\\\/wp-content\\\/uploads\\\/2019\\\/07\\\/SymposiumDanville-banniere-web-artiste-2019-v1.jpg\",\"width\":1920,\"height\":480},{\"@type\":\"BreadcrumbList\",\"@id\":\"https:\\\/\\\/symposiumdedanville.com\\\/en\\\/2026-program\\\/artists\\\/#breadcrumb\",\"itemListElement\":[{\"@type\":\"ListItem\",\"position\":1,\"name\":\"Symposium des arts de Danville\",\"item\":\"https:\\\/\\\/symposiumdedanville.com\\\/en\\\/\"},{\"@type\":\"ListItem\",\"position\":2,\"name\":\"2025 Program\",\"item\":\"https:\\\/\\\/symposiumdedanville.com\\\/en\\\/2025-program\\\/\"},{\"@type\":\"ListItem\",\"position\":3,\"name\":\"Artists\"}]},{\"@type\":\"WebSite\",\"@id\":\"https:\\\/\\\/symposiumdedanville.com\\\/en\\\/#website\",\"url\":\"https:\\\/\\\/symposiumdedanville.com\\\/en\\\/\",\"name\":\"Symposium des arts de Danville\",\"description\":\"\u00c9v\u00e8nement culturel et touristique de haute qualit\u00e9 o\u00f9 des artistes professionnels en arts visuels provenant de toutes les r\u00e9gions du Qu\u00e9bec.\",\"publisher\":{\"@id\":\"https:\\\/\\\/symposiumdedanville.com\\\/en\\\/#organization\"},\"potentialAction\":[{\"@type\":\"SearchAction\",\"target\":{\"@type\":\"EntryPoint\",\"urlTemplate\":\"https:\\\/\\\/symposiumdedanville.com\\\/en\\\/?s={search_term_string}\"},\"query-input\":{\"@type\":\"PropertyValueSpecification\",\"valueRequired\":true,\"valueName\":\"search_term_string\"}}],\"inLanguage\":\"en-US\"},{\"@type\":\"Organization\",\"@id\":\"https:\\\/\\\/symposiumdedanville.com\\\/en\\\/#organization\",\"name\":\"Symposium des arts de Danville\",\"url\":\"https:\\\/\\\/symposiumdedanville.com\\\/en\\\/\",\"logo\":{\"@type\":\"ImageObject\",\"inLanguage\":\"en-US\",\"@id\":\"https:\\\/\\\/symposiumdedanville.com\\\/en\\\/#\\\/schema\\\/logo\\\/image\\\/\",\"url\":\"https:\\\/\\\/symposiumdedanville.com\\\/symposium\\\/wp-content\\\/uploads\\\/2019\\\/07\\\/Logo-Symposium-Art-Danville.png\",\"contentUrl\":\"https:\\\/\\\/symposiumdedanville.com\\\/symposium\\\/wp-content\\\/uploads\\\/2019\\\/07\\\/Logo-Symposium-Art-Danville.png\",\"width\":300,\"height\":218,\"caption\":\"Symposium des arts de Danville\"},\"image\":{\"@id\":\"https:\\\/\\\/symposiumdedanville.com\\\/en\\\/#\\\/schema\\\/logo\\\/image\\\/\"},\"sameAs\":[\"https:\\\/\\\/www.facebook.com\\\/symposiumdedanville\"]}]}<\/script>\n<!-- \/ Yoast SEO plugin. -->","yoast_head_json":{"title":"Artists - Symposium des arts de Danville","robots":{"index":"index","follow":"follow","max-snippet":"max-snippet:-1","max-image-preview":"max-image-preview:large","max-video-preview":"max-video-preview:-1"},"canonical":"https:\/\/symposiumdedanville.com\/en\/2026-program\/artists\/","og_locale":"en_US","og_type":"article","og_title":"Artists - Symposium des arts de Danville","og_description":"Filtre artiste par salle Tous #1 &#8211; Salle Toyota Richmond \u00abCentre Mgr Thibault\u00bb #2- Espace du Carmel #3 &#8211; St-Augustine Anglican Church #4 &#8211; \u00c9glise Saint-Anne #5- Galerie GdeBr Artistes locaux To be confirmed","og_url":"https:\/\/symposiumdedanville.com\/en\/2026-program\/artists\/","og_site_name":"Symposium des arts de Danville","article_publisher":"https:\/\/www.facebook.com\/symposiumdedanville","article_modified_time":"2025-10-01T12:37:34+00:00","og_image":[{"width":1920,"height":480,"url":"https:\/\/symposiumdedanville.com\/symposium\/wp-content\/uploads\/2019\/07\/SymposiumDanville-banniere-web-artiste-2019-v1.jpg","type":"image\/jpeg"}],"twitter_card":"summary_large_image","twitter_misc":{"Est. reading time":"1 minute"},"schema":{"@context":"https:\/\/schema.org","@graph":[{"@type":"WebPage","@id":"https:\/\/symposiumdedanville.com\/en\/2026-program\/artists\/","url":"https:\/\/symposiumdedanville.com\/en\/2026-program\/artists\/","name":"Artists - Symposium des arts de Danville","isPartOf":{"@id":"https:\/\/symposiumdedanville.com\/en\/#website"},"primaryImageOfPage":{"@id":"https:\/\/symposiumdedanville.com\/en\/2026-program\/artists\/#primaryimage"},"image":{"@id":"https:\/\/symposiumdedanville.com\/en\/2026-program\/artists\/#primaryimage"},"thumbnailUrl":"https:\/\/symposiumdedanville.com\/symposium\/wp-content\/uploads\/2019\/07\/SymposiumDanville-banniere-web-artiste-2019-v1.jpg","datePublished":"2019-07-23T09:48:10+00:00","dateModified":"2025-10-01T12:37:34+00:00","breadcrumb":{"@id":"https:\/\/symposiumdedanville.com\/en\/2026-program\/artists\/#breadcrumb"},"inLanguage":"en-US","potentialAction":[{"@type":"ReadAction","target":["https:\/\/symposiumdedanville.com\/en\/2026-program\/artists\/"]}]},{"@type":"ImageObject","inLanguage":"en-US","@id":"https:\/\/symposiumdedanville.com\/en\/2026-program\/artists\/#primaryimage","url":"https:\/\/symposiumdedanville.com\/symposium\/wp-content\/uploads\/2019\/07\/SymposiumDanville-banniere-web-artiste-2019-v1.jpg","contentUrl":"https:\/\/symposiumdedanville.com\/symposium\/wp-content\/uploads\/2019\/07\/SymposiumDanville-banniere-web-artiste-2019-v1.jpg","width":1920,"height":480},{"@type":"BreadcrumbList","@id":"https:\/\/symposiumdedanville.com\/en\/2026-program\/artists\/#breadcrumb","itemListElement":[{"@type":"ListItem","position":1,"name":"Symposium des arts de Danville","item":"https:\/\/symposiumdedanville.com\/en\/"},{"@type":"ListItem","position":2,"name":"2025 Program","item":"https:\/\/symposiumdedanville.com\/en\/2025-program\/"},{"@type":"ListItem","position":3,"name":"Artists"}]},{"@type":"WebSite","@id":"https:\/\/symposiumdedanville.com\/en\/#website","url":"https:\/\/symposiumdedanville.com\/en\/","name":"Symposium des arts de Danville","description":"\u00c9v\u00e8nement culturel et touristique de haute qualit\u00e9 o\u00f9 des artistes professionnels en arts visuels provenant de toutes les r\u00e9gions du Qu\u00e9bec.","publisher":{"@id":"https:\/\/symposiumdedanville.com\/en\/#organization"},"potentialAction":[{"@type":"SearchAction","target":{"@type":"EntryPoint","urlTemplate":"https:\/\/symposiumdedanville.com\/en\/?s={search_term_string}"},"query-input":{"@type":"PropertyValueSpecification","valueRequired":true,"valueName":"search_term_string"}}],"inLanguage":"en-US"},{"@type":"Organization","@id":"https:\/\/symposiumdedanville.com\/en\/#organization","name":"Symposium des arts de Danville","url":"https:\/\/symposiumdedanville.com\/en\/","logo":{"@type":"ImageObject","inLanguage":"en-US","@id":"https:\/\/symposiumdedanville.com\/en\/#\/schema\/logo\/image\/","url":"https:\/\/symposiumdedanville.com\/symposium\/wp-content\/uploads\/2019\/07\/Logo-Symposium-Art-Danville.png","contentUrl":"https:\/\/symposiumdedanville.com\/symposium\/wp-content\/uploads\/2019\/07\/Logo-Symposium-Art-Danville.png","width":300,"height":218,"caption":"Symposium des arts de Danville"},"image":{"@id":"https:\/\/symposiumdedanville.com\/en\/#\/schema\/logo\/image\/"},"sameAs":["https:\/\/www.facebook.com\/symposiumdedanville"]}]}},"_links":{"self":[{"href":"https:\/\/symposiumdedanville.com\/en\/wp-json\/wp\/v2\/pages\/1455","targetHints":{"allow":["GET"]}}],"collection":[{"href":"https:\/\/symposiumdedanville.com\/en\/wp-json\/wp\/v2\/pages"}],"about":[{"href":"https:\/\/symposiumdedanville.com\/en\/wp-json\/wp\/v2\/types\/page"}],"author":[{"embeddable":true,"href":"https:\/\/symposiumdedanville.com\/en\/wp-json\/wp\/v2\/users\/1"}],"replies":[{"embeddable":true,"href":"https:\/\/symposiumdedanville.com\/en\/wp-json\/wp\/v2\/comments?post=1455"}],"version-history":[{"count":16,"href":"https:\/\/symposiumdedanville.com\/en\/wp-json\/wp\/v2\/pages\/1455\/revisions"}],"predecessor-version":[{"id":7108,"href":"https:\/\/symposiumdedanville.com\/en\/wp-json\/wp\/v2\/pages\/1455\/revisions\/7108"}],"up":[{"embeddable":true,"href":"https:\/\/symposiumdedanville.com\/en\/wp-json\/wp\/v2\/pages\/1453"}],"wp:featuredmedia":[{"embeddable":true,"href":"https:\/\/symposiumdedanville.com\/en\/wp-json\/wp\/v2\/media\/3879"}],"wp:attachment":[{"href":"https:\/\/symposiumdedanville.com\/en\/wp-json\/wp\/v2\/media?parent=1455"}],"curies":[{"name":"wp","href":"https:\/\/api.w.org\/{rel}","templated":true}]}}