{"id":1460,"date":"2019-07-23T05:50:43","date_gmt":"2019-07-23T09:50:43","guid":{"rendered":"https:\/\/symposiumdedanville.com\/programming\/interactive-map\/"},"modified":"2023-11-22T10:24:45","modified_gmt":"2023-11-22T15:24:45","slug":"interactive-map","status":"publish","type":"page","link":"https:\/\/symposiumdedanville.com\/en\/2024-program\/interactive-map\/","title":{"rendered":"Interactive Map"},"content":{"rendered":"\t\t<div data-elementor-type=\"wp-page\" data-elementor-id=\"1460\" class=\"elementor elementor-1460 elementor-192\" data-elementor-post-type=\"page\">\n\t\t\t\t<div class=\"elementor-element elementor-element-23363b32 e-con-full e-flex e-con e-parent\" data-id=\"23363b32\" data-element_type=\"container\" data-e-type=\"container\" data-settings=\"{&quot;jet_parallax_layout_list&quot;:[]}\">\n\t\t\t\t<div class=\"elementor-element elementor-element-32a3f6d elementor-widget elementor-widget-shortcode\" data-id=\"32a3f6d\" data-element_type=\"widget\" data-e-type=\"widget\" data-widget_type=\"shortcode.default\">\n\t\t\t\t<div class=\"elementor-widget-container\">\n\t\t\t\t\t\t\t<div class=\"elementor-shortcode\"><iframe src=\"https:\/\/www.google.com\/maps\/d\/embed?mid=1LM5rqLSOcD3pAJixRFfw-ZAFOEldshw&ehbc=2E312F\" frameborder=\"0\"  width=\"100%\"><\/iframe><\/div>\n\t\t\t\t\t\t<\/div>\n\t\t\t\t<\/div>\n\t\t\t\t<\/div>\n\t\t\t\t<\/div>\n\t\t","protected":false},"excerpt":{"rendered":"","protected":false},"author":1,"featured_media":3882,"parent":1453,"menu_order":0,"comment_status":"closed","ping_status":"closed","template":"elementor_canvas","meta":{"_exactmetrics_skip_tracking":false,"_exactmetrics_sitenote_active":false,"_exactmetrics_sitenote_note":"","_exactmetrics_sitenote_category":0,"footnotes":""},"class_list":["post-1460","page","type-page","status-publish","has-post-thumbnail","hentry"],"yoast_head":"<!-- This site is optimized with the Yoast SEO plugin v27.3 - https:\/\/yoast.com\/product\/yoast-seo-wordpress\/ -->\n<title>Interactive Map - Symposium des arts de Danville<\/title>\n<meta name=\"robots\" content=\"index, follow, max-snippet:-1, max-image-preview:large, max-video-preview:-1\" \/>\n<link rel=\"canonical\" href=\"https:\/\/symposiumdedanville.com\/en\/2024-program\/interactive-map\/\" \/>\n<meta property=\"og:locale\" content=\"en_US\" \/>\n<meta property=\"og:type\" content=\"article\" \/>\n<meta property=\"og:title\" content=\"Interactive Map - Symposium des arts de Danville\" \/>\n<meta property=\"og:url\" content=\"https:\/\/symposiumdedanville.com\/en\/2024-program\/interactive-map\/\" \/>\n<meta property=\"og:site_name\" content=\"Symposium des arts de Danville\" \/>\n<meta property=\"article:publisher\" content=\"https:\/\/www.facebook.com\/symposiumdedanville\" \/>\n<meta property=\"article:modified_time\" content=\"2023-11-22T15:24:45+00:00\" \/>\n<meta property=\"og:image\" content=\"https:\/\/symposiumdedanville.com\/symposium\/wp-content\/uploads\/2019\/07\/Symposium-des-arts-danville-carte-620x310-v1.jpg\" \/>\n\t<meta property=\"og:image:width\" content=\"620\" \/>\n\t<meta property=\"og:image:height\" content=\"310\" \/>\n\t<meta property=\"og:image:type\" content=\"image\/jpeg\" \/>\n<meta name=\"twitter:card\" content=\"summary_large_image\" \/>\n<meta name=\"twitter:label1\" content=\"Est. reading time\" \/>\n\t<meta name=\"twitter:data1\" content=\"1 minute\" \/>\n<script type=\"application\/ld+json\" class=\"yoast-schema-graph\">{\"@context\":\"https:\\\/\\\/schema.org\",\"@graph\":[{\"@type\":\"WebPage\",\"@id\":\"https:\\\/\\\/symposiumdedanville.com\\\/en\\\/2024-program\\\/interactive-map\\\/\",\"url\":\"https:\\\/\\\/symposiumdedanville.com\\\/en\\\/2024-program\\\/interactive-map\\\/\",\"name\":\"Interactive Map - Symposium des arts de Danville\",\"isPartOf\":{\"@id\":\"https:\\\/\\\/symposiumdedanville.com\\\/en\\\/#website\"},\"primaryImageOfPage\":{\"@id\":\"https:\\\/\\\/symposiumdedanville.com\\\/en\\\/2024-program\\\/interactive-map\\\/#primaryimage\"},\"image\":{\"@id\":\"https:\\\/\\\/symposiumdedanville.com\\\/en\\\/2024-program\\\/interactive-map\\\/#primaryimage\"},\"thumbnailUrl\":\"https:\\\/\\\/symposiumdedanville.com\\\/symposium\\\/wp-content\\\/uploads\\\/2019\\\/07\\\/Symposium-des-arts-danville-carte-620x310-v1.jpg\",\"datePublished\":\"2019-07-23T09:50:43+00:00\",\"dateModified\":\"2023-11-22T15:24:45+00:00\",\"breadcrumb\":{\"@id\":\"https:\\\/\\\/symposiumdedanville.com\\\/en\\\/2024-program\\\/interactive-map\\\/#breadcrumb\"},\"inLanguage\":\"en-US\",\"potentialAction\":[{\"@type\":\"ReadAction\",\"target\":[\"https:\\\/\\\/symposiumdedanville.com\\\/en\\\/2024-program\\\/interactive-map\\\/\"]}]},{\"@type\":\"ImageObject\",\"inLanguage\":\"en-US\",\"@id\":\"https:\\\/\\\/symposiumdedanville.com\\\/en\\\/2024-program\\\/interactive-map\\\/#primaryimage\",\"url\":\"https:\\\/\\\/symposiumdedanville.com\\\/symposium\\\/wp-content\\\/uploads\\\/2019\\\/07\\\/Symposium-des-arts-danville-carte-620x310-v1.jpg\",\"contentUrl\":\"https:\\\/\\\/symposiumdedanville.com\\\/symposium\\\/wp-content\\\/uploads\\\/2019\\\/07\\\/Symposium-des-arts-danville-carte-620x310-v1.jpg\",\"width\":620,\"height\":310},{\"@type\":\"BreadcrumbList\",\"@id\":\"https:\\\/\\\/symposiumdedanville.com\\\/en\\\/2024-program\\\/interactive-map\\\/#breadcrumb\",\"itemListElement\":[{\"@type\":\"ListItem\",\"position\":1,\"name\":\"Symposium des arts de Danville\",\"item\":\"https:\\\/\\\/symposiumdedanville.com\\\/en\\\/\"},{\"@type\":\"ListItem\",\"position\":2,\"name\":\"2025 Program\",\"item\":\"https:\\\/\\\/symposiumdedanville.com\\\/en\\\/2025-program\\\/\"},{\"@type\":\"ListItem\",\"position\":3,\"name\":\"Interactive Map\"}]},{\"@type\":\"WebSite\",\"@id\":\"https:\\\/\\\/symposiumdedanville.com\\\/en\\\/#website\",\"url\":\"https:\\\/\\\/symposiumdedanville.com\\\/en\\\/\",\"name\":\"Symposium des arts de Danville\",\"description\":\"\u00c9v\u00e8nement culturel et touristique de haute qualit\u00e9 o\u00f9 des artistes professionnels en arts visuels provenant de toutes les r\u00e9gions du Qu\u00e9bec.\",\"publisher\":{\"@id\":\"https:\\\/\\\/symposiumdedanville.com\\\/en\\\/#organization\"},\"potentialAction\":[{\"@type\":\"SearchAction\",\"target\":{\"@type\":\"EntryPoint\",\"urlTemplate\":\"https:\\\/\\\/symposiumdedanville.com\\\/en\\\/?s={search_term_string}\"},\"query-input\":{\"@type\":\"PropertyValueSpecification\",\"valueRequired\":true,\"valueName\":\"search_term_string\"}}],\"inLanguage\":\"en-US\"},{\"@type\":\"Organization\",\"@id\":\"https:\\\/\\\/symposiumdedanville.com\\\/en\\\/#organization\",\"name\":\"Symposium des arts de Danville\",\"url\":\"https:\\\/\\\/symposiumdedanville.com\\\/en\\\/\",\"logo\":{\"@type\":\"ImageObject\",\"inLanguage\":\"en-US\",\"@id\":\"https:\\\/\\\/symposiumdedanville.com\\\/en\\\/#\\\/schema\\\/logo\\\/image\\\/\",\"url\":\"https:\\\/\\\/symposiumdedanville.com\\\/symposium\\\/wp-content\\\/uploads\\\/2019\\\/07\\\/Logo-Symposium-Art-Danville.png\",\"contentUrl\":\"https:\\\/\\\/symposiumdedanville.com\\\/symposium\\\/wp-content\\\/uploads\\\/2019\\\/07\\\/Logo-Symposium-Art-Danville.png\",\"width\":300,\"height\":218,\"caption\":\"Symposium des arts de Danville\"},\"image\":{\"@id\":\"https:\\\/\\\/symposiumdedanville.com\\\/en\\\/#\\\/schema\\\/logo\\\/image\\\/\"},\"sameAs\":[\"https:\\\/\\\/www.facebook.com\\\/symposiumdedanville\"]}]}<\/script>\n<!-- \/ Yoast SEO plugin. -->","yoast_head_json":{"title":"Interactive Map - Symposium des arts de Danville","robots":{"index":"index","follow":"follow","max-snippet":"max-snippet:-1","max-image-preview":"max-image-preview:large","max-video-preview":"max-video-preview:-1"},"canonical":"https:\/\/symposiumdedanville.com\/en\/2024-program\/interactive-map\/","og_locale":"en_US","og_type":"article","og_title":"Interactive Map - Symposium des arts de Danville","og_url":"https:\/\/symposiumdedanville.com\/en\/2024-program\/interactive-map\/","og_site_name":"Symposium des arts de Danville","article_publisher":"https:\/\/www.facebook.com\/symposiumdedanville","article_modified_time":"2023-11-22T15:24:45+00:00","og_image":[{"width":620,"height":310,"url":"https:\/\/symposiumdedanville.com\/symposium\/wp-content\/uploads\/2019\/07\/Symposium-des-arts-danville-carte-620x310-v1.jpg","type":"image\/jpeg"}],"twitter_card":"summary_large_image","twitter_misc":{"Est. reading time":"1 minute"},"schema":{"@context":"https:\/\/schema.org","@graph":[{"@type":"WebPage","@id":"https:\/\/symposiumdedanville.com\/en\/2024-program\/interactive-map\/","url":"https:\/\/symposiumdedanville.com\/en\/2024-program\/interactive-map\/","name":"Interactive Map - Symposium des arts de Danville","isPartOf":{"@id":"https:\/\/symposiumdedanville.com\/en\/#website"},"primaryImageOfPage":{"@id":"https:\/\/symposiumdedanville.com\/en\/2024-program\/interactive-map\/#primaryimage"},"image":{"@id":"https:\/\/symposiumdedanville.com\/en\/2024-program\/interactive-map\/#primaryimage"},"thumbnailUrl":"https:\/\/symposiumdedanville.com\/symposium\/wp-content\/uploads\/2019\/07\/Symposium-des-arts-danville-carte-620x310-v1.jpg","datePublished":"2019-07-23T09:50:43+00:00","dateModified":"2023-11-22T15:24:45+00:00","breadcrumb":{"@id":"https:\/\/symposiumdedanville.com\/en\/2024-program\/interactive-map\/#breadcrumb"},"inLanguage":"en-US","potentialAction":[{"@type":"ReadAction","target":["https:\/\/symposiumdedanville.com\/en\/2024-program\/interactive-map\/"]}]},{"@type":"ImageObject","inLanguage":"en-US","@id":"https:\/\/symposiumdedanville.com\/en\/2024-program\/interactive-map\/#primaryimage","url":"https:\/\/symposiumdedanville.com\/symposium\/wp-content\/uploads\/2019\/07\/Symposium-des-arts-danville-carte-620x310-v1.jpg","contentUrl":"https:\/\/symposiumdedanville.com\/symposium\/wp-content\/uploads\/2019\/07\/Symposium-des-arts-danville-carte-620x310-v1.jpg","width":620,"height":310},{"@type":"BreadcrumbList","@id":"https:\/\/symposiumdedanville.com\/en\/2024-program\/interactive-map\/#breadcrumb","itemListElement":[{"@type":"ListItem","position":1,"name":"Symposium des arts de Danville","item":"https:\/\/symposiumdedanville.com\/en\/"},{"@type":"ListItem","position":2,"name":"2025 Program","item":"https:\/\/symposiumdedanville.com\/en\/2025-program\/"},{"@type":"ListItem","position":3,"name":"Interactive Map"}]},{"@type":"WebSite","@id":"https:\/\/symposiumdedanville.com\/en\/#website","url":"https:\/\/symposiumdedanville.com\/en\/","name":"Symposium des arts de Danville","description":"\u00c9v\u00e8nement culturel et touristique de haute qualit\u00e9 o\u00f9 des artistes professionnels en arts visuels provenant de toutes les r\u00e9gions du Qu\u00e9bec.","publisher":{"@id":"https:\/\/symposiumdedanville.com\/en\/#organization"},"potentialAction":[{"@type":"SearchAction","target":{"@type":"EntryPoint","urlTemplate":"https:\/\/symposiumdedanville.com\/en\/?s={search_term_string}"},"query-input":{"@type":"PropertyValueSpecification","valueRequired":true,"valueName":"search_term_string"}}],"inLanguage":"en-US"},{"@type":"Organization","@id":"https:\/\/symposiumdedanville.com\/en\/#organization","name":"Symposium des arts de Danville","url":"https:\/\/symposiumdedanville.com\/en\/","logo":{"@type":"ImageObject","inLanguage":"en-US","@id":"https:\/\/symposiumdedanville.com\/en\/#\/schema\/logo\/image\/","url":"https:\/\/symposiumdedanville.com\/symposium\/wp-content\/uploads\/2019\/07\/Logo-Symposium-Art-Danville.png","contentUrl":"https:\/\/symposiumdedanville.com\/symposium\/wp-content\/uploads\/2019\/07\/Logo-Symposium-Art-Danville.png","width":300,"height":218,"caption":"Symposium des arts de Danville"},"image":{"@id":"https:\/\/symposiumdedanville.com\/en\/#\/schema\/logo\/image\/"},"sameAs":["https:\/\/www.facebook.com\/symposiumdedanville"]}]}},"_links":{"self":[{"href":"https:\/\/symposiumdedanville.com\/en\/wp-json\/wp\/v2\/pages\/1460","targetHints":{"allow":["GET"]}}],"collection":[{"href":"https:\/\/symposiumdedanville.com\/en\/wp-json\/wp\/v2\/pages"}],"about":[{"href":"https:\/\/symposiumdedanville.com\/en\/wp-json\/wp\/v2\/types\/page"}],"author":[{"embeddable":true,"href":"https:\/\/symposiumdedanville.com\/en\/wp-json\/wp\/v2\/users\/1"}],"replies":[{"embeddable":true,"href":"https:\/\/symposiumdedanville.com\/en\/wp-json\/wp\/v2\/comments?post=1460"}],"version-history":[{"count":6,"href":"https:\/\/symposiumdedanville.com\/en\/wp-json\/wp\/v2\/pages\/1460\/revisions"}],"predecessor-version":[{"id":4856,"href":"https:\/\/symposiumdedanville.com\/en\/wp-json\/wp\/v2\/pages\/1460\/revisions\/4856"}],"up":[{"embeddable":true,"href":"https:\/\/symposiumdedanville.com\/en\/wp-json\/wp\/v2\/pages\/1453"}],"wp:featuredmedia":[{"embeddable":true,"href":"https:\/\/symposiumdedanville.com\/en\/wp-json\/wp\/v2\/media\/3882"}],"wp:attachment":[{"href":"https:\/\/symposiumdedanville.com\/en\/wp-json\/wp\/v2\/media?parent=1460"}],"curies":[{"name":"wp","href":"https:\/\/api.w.org\/{rel}","templated":true}]}}