{"id":1493,"date":"2021-03-12T05:41:58","date_gmt":"2021-03-12T10:41:58","guid":{"rendered":"https:\/\/symposiumdedanville.com\/contact-us\/"},"modified":"2024-12-18T14:30:34","modified_gmt":"2024-12-18T19:30:34","slug":"contact-us","status":"publish","type":"page","link":"https:\/\/symposiumdedanville.com\/en\/contact-us\/","title":{"rendered":"Contact us"},"content":{"rendered":"\t\t<div data-elementor-type=\"wp-page\" data-elementor-id=\"1493\" class=\"elementor elementor-1493 elementor-680\" data-elementor-post-type=\"page\">\n\t\t\t\t<div class=\"elementor-element elementor-element-0f067db e-flex e-con-boxed e-con e-parent\" data-id=\"0f067db\" data-element_type=\"container\" data-e-type=\"container\" data-settings=\"{&quot;jet_parallax_layout_list&quot;:[]}\">\n\t\t\t\t\t<div class=\"e-con-inner\">\n\t\t<div class=\"elementor-element elementor-element-7426de3 e-con-full e-flex e-con e-child\" data-id=\"7426de3\" data-element_type=\"container\" data-e-type=\"container\" data-settings=\"{&quot;jet_parallax_layout_list&quot;:[]}\">\n\t\t\t\t<div class=\"elementor-element elementor-element-3887fff elementor-widget elementor-widget-theme-site-logo elementor-widget-image\" data-id=\"3887fff\" data-element_type=\"widget\" data-e-type=\"widget\" data-widget_type=\"theme-site-logo.default\">\n\t\t\t\t<div class=\"elementor-widget-container\">\n\t\t\t\t\t\t\t\t\t\t\t<a href=\"https:\/\/symposiumdedanville.com\/en\/\">\n\t\t\t<img decoding=\"async\" src=\"https:\/\/symposiumdedanville.com\/symposium\/wp-content\/uploads\/2023\/07\/SymposiumdesArtsDanville-Logo-carre-2025.svg\" class=\"attachment-full size-full wp-image-5991\" alt=\"\" \/>\t\t\t\t<\/a>\n\t\t\t\t\t\t\t\t\t\t\t<\/div>\n\t\t\t\t<\/div>\n\t\t\t\t<div class=\"elementor-element elementor-element-71cfb2b elementor-widget elementor-widget-text-editor\" data-id=\"71cfb2b\" data-element_type=\"widget\" data-e-type=\"widget\" data-widget_type=\"text-editor.default\">\n\t\t\t\t<div class=\"elementor-widget-container\">\n\t\t\t\t\t\t\t\t\t<p><strong>39A, rue D\u00e9p\u00f4t, Danvi\u013ale J0A1A0<\/strong><\/p>\t\t\t\t\t\t\t\t<\/div>\n\t\t\t\t<\/div>\n\t\t\t\t<\/div>\n\t\t<div class=\"elementor-element elementor-element-f36cfee e-con-full e-flex e-con e-child\" data-id=\"f36cfee\" data-element_type=\"container\" data-e-type=\"container\" data-settings=\"{&quot;jet_parallax_layout_list&quot;:[]}\">\n\t\t\t\t<div class=\"elementor-element elementor-element-7b54952 elementor-widget elementor-widget-heading\" data-id=\"7b54952\" data-element_type=\"widget\" data-e-type=\"widget\" data-widget_type=\"heading.default\">\n\t\t\t\t<div class=\"elementor-widget-container\">\n\t\t\t\t\t<h3 class=\"elementor-heading-title elementor-size-default\">Contactez-nous<\/h3>\t\t\t\t<\/div>\n\t\t\t\t<\/div>\n\t\t\t\t<div class=\"elementor-element elementor-element-549b5cf elementor-widget elementor-widget-text-editor\" data-id=\"549b5cf\" data-element_type=\"widget\" data-e-type=\"widget\" data-widget_type=\"text-editor.default\">\n\t\t\t\t<div class=\"elementor-widget-container\">\n\t\t\t\t\t\t\t\t\t<p>Vous avez une demande? Une question? N\u2019h\u00e9sitez pas.<\/p>\n\t\t\t\t\t\t\t\t<\/div>\n\t\t\t\t<\/div>\n\t\t\t\t<div class=\"elementor-element elementor-element-a934248 elementor-widget elementor-widget-shortcode\" data-id=\"a934248\" data-element_type=\"widget\" data-e-type=\"widget\" data-widget_type=\"shortcode.default\">\n\t\t\t\t<div class=\"elementor-widget-container\">\n\t\t\t\t\t\t\t<div class=\"elementor-shortcode\"><div id=\"quform-fbe67e\" class=\"quform quform-1 quform-support-page-caching\"><form id=\"quform-form-fbe67e\" class=\"quform-form quform-form-1\" action=\"\/en\/wp-json\/wp\/v2\/pages\/1493#quform-fbe67e\" method=\"post\" enctype=\"multipart\/form-data\" novalidate=\"novalidate\" data-options=\"{&quot;id&quot;:1,&quot;uniqueId&quot;:&quot;fbe67e&quot;,&quot;theme&quot;:&quot;&quot;,&quot;ajax&quot;:true,&quot;logic&quot;:{&quot;logic&quot;:[],&quot;dependents&quot;:[],&quot;elementIds&quot;:[],&quot;dependentElementIds&quot;:[],&quot;animate&quot;:true},&quot;currentPageId&quot;:1,&quot;errorsIcon&quot;:&quot;&quot;,&quot;updateFancybox&quot;:true,&quot;hasPages&quot;:false,&quot;pages&quot;:[1],&quot;pageProgressType&quot;:&quot;numbers&quot;,&quot;tooltipsEnabled&quot;:true,&quot;tooltipClasses&quot;:&quot;qtip-quform-dark qtip-shadow&quot;,&quot;tooltipMy&quot;:&quot;left center&quot;,&quot;tooltipAt&quot;:&quot;right center&quot;,&quot;isRtl&quot;:false,&quot;scrollOffset&quot;:-50,&quot;scrollSpeed&quot;:800}\"><button class=\"quform-default-submit\" name=\"quform_submit\" type=\"submit\" value=\"submit\" aria-hidden=\"true\" tabindex=\"-1\"><\/button><div class=\"quform-form-inner quform-form-inner-1\"><input type=\"hidden\" name=\"quform_form_id\" value=\"1\" \/><input type=\"hidden\" name=\"quform_form_uid\" value=\"fbe67e\" \/><input type=\"hidden\" name=\"quform_count\" value=\"1\" \/><input type=\"hidden\" name=\"form_url\" value=\"https:\/\/symposiumdedanville.com\/en\/wp-json\/wp\/v2\/pages\/1493\" \/><input type=\"hidden\" name=\"referring_url\" value=\"\" \/><input type=\"hidden\" name=\"post_id\" value=\"\" \/><input type=\"hidden\" name=\"post_title\" value=\"\" \/><input type=\"hidden\" name=\"quform_current_page_id\" value=\"1\" \/><input type=\"hidden\" name=\"quform_csrf_token\" value=\"PFEIRbtbtMHqAvOKHdnkv2U6CSewINJymohste7p\" \/><div class=\"quform-elements quform-elements-1 quform-cf quform-responsive-elements-phone-landscape\"><div class=\"quform-element quform-element-page quform-page-1 quform-page-1_1 quform-cf quform-group-style-plain quform-first-page quform-last-page quform-current-page\"><div class=\"quform-child-elements\"><div class=\"quform-element quform-element-row quform-element-row-1_4 quform-2-columns quform-element-row-size-fixed quform-responsive-columns-phone-landscape\"><div class=\"quform-element quform-element-column quform-element-1_5\"><div class=\"quform-element quform-element-text quform-element-1_3 quform-cf quform-element-optional\"><div class=\"quform-spacer\"><div class=\"quform-label quform-label-1_3\"><label class=\"quform-label-text\" for=\"quform_1_3_fbe67e\">Pr\u00e9nom<\/label><\/div><div class=\"quform-inner quform-inner-text quform-inner-1_3\"><div class=\"quform-input quform-input-text quform-input-1_3 quform-cf\"><input type=\"text\" id=\"quform_1_3_fbe67e\" name=\"quform_1_3\" class=\"quform-field quform-field-text quform-field-1_3\" \/><\/div><\/div><\/div><\/div><\/div><div class=\"quform-element quform-element-column quform-element-1_6\"><div class=\"quform-element quform-element-text quform-element-1_7 quform-cf quform-element-optional\"><div class=\"quform-spacer\"><div class=\"quform-label quform-label-1_7\"><label class=\"quform-label-text\" for=\"quform_1_7_fbe67e\">Nom<\/label><\/div><div class=\"quform-inner quform-inner-text quform-inner-1_7\"><div class=\"quform-input quform-input-text quform-input-1_7 quform-cf\"><input type=\"text\" id=\"quform_1_7_fbe67e\" name=\"quform_1_7\" class=\"quform-field quform-field-text quform-field-1_7\" \/><\/div><\/div><\/div><\/div><\/div><\/div><div class=\"quform-element quform-element-row quform-element-row-1_8 quform-2-columns quform-element-row-size-fixed quform-responsive-columns-phone-landscape\"><div class=\"quform-element quform-element-column quform-element-1_9\"><div class=\"quform-element quform-element-email quform-element-1_11 quform-cf quform-element-required\"><div class=\"quform-spacer\"><div class=\"quform-label quform-label-1_11\"><label class=\"quform-label-text\" for=\"quform_1_11_fbe67e\">Adresse \u00e9lectronique<span class=\"quform-required\">*<\/span><\/label><\/div><div class=\"quform-inner quform-inner-email quform-inner-1_11\"><div class=\"quform-input quform-input-email quform-input-1_11 quform-cf\"><input type=\"email\" id=\"quform_1_11_fbe67e\" name=\"quform_1_11\" class=\"quform-field quform-field-email quform-field-1_11\" \/><\/div><\/div><\/div><\/div><\/div><div class=\"quform-element quform-element-column quform-element-1_10\"><div class=\"quform-element quform-element-text quform-element-1_12 quform-cf quform-element-optional\"><div class=\"quform-spacer\"><div class=\"quform-label quform-label-1_12\"><label class=\"quform-label-text\" for=\"quform_1_12_fbe67e\">T\u00e9l\u00e9phone (facultatif)<\/label><\/div><div class=\"quform-inner quform-inner-text quform-inner-1_12\"><div class=\"quform-input quform-input-text quform-input-1_12 quform-cf\"><input type=\"text\" id=\"quform_1_12_fbe67e\" name=\"quform_1_12\" class=\"quform-field quform-field-text quform-field-1_12\" \/><\/div><\/div><\/div><\/div><\/div><\/div><div class=\"quform-element quform-element-textarea quform-element-1_13 quform-cf quform-element-optional\"><div class=\"quform-spacer\"><div class=\"quform-label quform-label-1_13\"><label class=\"quform-label-text\" for=\"quform_1_13_fbe67e\">Votre demande ou question<\/label><\/div><div class=\"quform-inner quform-inner-textarea quform-inner-1_13\"><div class=\"quform-input quform-input-textarea quform-input-1_13 quform-cf\"><textarea id=\"quform_1_13_fbe67e\" name=\"quform_1_13\" class=\"quform-field quform-field-textarea quform-field-1_13\"><\/textarea><\/div><\/div><\/div><\/div><div class=\"quform-element quform-element-recaptcha quform-element-1_18 quform-cf quform-element-required quform-recaptcha-no-size\"><div class=\"quform-spacer\"><div class=\"quform-inner quform-inner-recaptcha quform-inner-1_18\"><div class=\"quform-input quform-input-recaptcha quform-input-1_18 quform-cf\"><div class=\"quform-recaptcha\" data-config=\"{&quot;sitekey&quot;:&quot;6LfPAbIrAAAAANLn-s9z7T-d11tV_rFqTiRlWvLm&quot;,&quot;_version&quot;:&quot;v3&quot;,&quot;size&quot;:&quot;invisible&quot;,&quot;type&quot;:&quot;image&quot;,&quot;theme&quot;:&quot;light&quot;,&quot;badge&quot;:&quot;bottomright&quot;}\"><\/div><noscript>Please enable JavaScript to submit this form.<\/noscript><\/div><\/div><\/div><\/div><div class=\"quform-element quform-element-submit quform-element-1_2 quform-cf quform-button-style-theme\"><div class=\"quform-button-submit quform-button-submit-default quform-button-submit-1_2\"><button name=\"quform_submit\" type=\"submit\" class=\"quform-submit\" value=\"submit\"><span class=\"quform-button-text quform-button-submit-text\">Send<\/span><\/button><\/div><div class=\"quform-loading quform-loading-position-left quform-loading-type-spinner-1\"><div class=\"quform-loading-inner\"><div class=\"quform-loading-spinner\"><div class=\"quform-loading-spinner-inner\"><\/div><\/div><\/div><\/div><\/div><div class=\"quform-element-tree\"><label for=\"quform_1_0_fbe67e\">This field should be left blank<\/label><input type=\"text\" id=\"quform_1_0_fbe67e\" name=\"quform_1_0\" class=\"quform-field quform-field-tree quform-field-1_0\" tabindex=\"-1\" autocomplete=\"off\" \/><\/div><\/div><\/div><\/div><\/div><\/form><\/div><\/div>\n\t\t\t\t\t\t<\/div>\n\t\t\t\t<\/div>\n\t\t\t\t<\/div>\n\t\t\t\t\t<\/div>\n\t\t\t\t<\/div>\n\t\t<div class=\"elementor-element elementor-element-281118c e-con-full e-flex e-con e-parent\" data-id=\"281118c\" data-element_type=\"container\" data-e-type=\"container\" data-settings=\"{&quot;jet_parallax_layout_list&quot;:[]}\">\n\t\t\t\t<div class=\"elementor-element elementor-element-ae69458 elementor-widget elementor-widget-jet-map\" data-id=\"ae69458\" data-element_type=\"widget\" data-e-type=\"widget\" data-widget_type=\"jet-map.default\">\n\t\t\t\t<div class=\"elementor-widget-container\">\n\t\t\t\t\t<div class=\"jet-map\" data-init=\"{&quot;center&quot;:{&quot;lat&quot;:45.78497597264006202522068633697926998138427734375,&quot;lng&quot;:-72.0143345388933227013694704510271549224853515625},&quot;zoom&quot;:9,&quot;scrollwheel&quot;:false,&quot;zoomControl&quot;:true,&quot;fullscreenControl&quot;:true,&quot;streetViewControl&quot;:true,&quot;mapTypeControl&quot;:true,&quot;pinsAutoClose&quot;:false,&quot;styles&quot;:[{&quot;featureType&quot;:&quot;water&quot;,&quot;elementType&quot;:&quot;geometry&quot;,&quot;stylers&quot;:[{&quot;color&quot;:&quot;#e9e9e9&quot;},{&quot;lightness&quot;:17}]},{&quot;featureType&quot;:&quot;landscape&quot;,&quot;elementType&quot;:&quot;geometry&quot;,&quot;stylers&quot;:[{&quot;color&quot;:&quot;#f5f5f5&quot;},{&quot;lightness&quot;:20}]},{&quot;featureType&quot;:&quot;road.highway&quot;,&quot;elementType&quot;:&quot;geometry.fill&quot;,&quot;stylers&quot;:[{&quot;color&quot;:&quot;#ffffff&quot;},{&quot;lightness&quot;:17}]},{&quot;featureType&quot;:&quot;road.highway&quot;,&quot;elementType&quot;:&quot;geometry.stroke&quot;,&quot;stylers&quot;:[{&quot;color&quot;:&quot;#ffffff&quot;},{&quot;lightness&quot;:29},{&quot;weight&quot;:0.200000000000000011102230246251565404236316680908203125}]},{&quot;featureType&quot;:&quot;road.arterial&quot;,&quot;elementType&quot;:&quot;geometry&quot;,&quot;stylers&quot;:[{&quot;color&quot;:&quot;#ffffff&quot;},{&quot;lightness&quot;:18}]},{&quot;featureType&quot;:&quot;road.local&quot;,&quot;elementType&quot;:&quot;geometry&quot;,&quot;stylers&quot;:[{&quot;color&quot;:&quot;#ffffff&quot;},{&quot;lightness&quot;:16}]},{&quot;featureType&quot;:&quot;poi&quot;,&quot;elementType&quot;:&quot;geometry&quot;,&quot;stylers&quot;:[{&quot;color&quot;:&quot;#f5f5f5&quot;},{&quot;lightness&quot;:21}]},{&quot;featureType&quot;:&quot;poi.park&quot;,&quot;elementType&quot;:&quot;geometry&quot;,&quot;stylers&quot;:[{&quot;color&quot;:&quot;#dedede&quot;},{&quot;lightness&quot;:21}]},{&quot;elementType&quot;:&quot;labels.text.stroke&quot;,&quot;stylers&quot;:[{&quot;visibility&quot;:&quot;on&quot;},{&quot;color&quot;:&quot;#ffffff&quot;},{&quot;lightness&quot;:16}]},{&quot;elementType&quot;:&quot;labels.text.fill&quot;,&quot;stylers&quot;:[{&quot;saturation&quot;:36},{&quot;color&quot;:&quot;#333333&quot;},{&quot;lightness&quot;:40}]},{&quot;elementType&quot;:&quot;labels.icon&quot;,&quot;stylers&quot;:[{&quot;visibility&quot;:&quot;off&quot;}]},{&quot;featureType&quot;:&quot;transit&quot;,&quot;elementType&quot;:&quot;geometry&quot;,&quot;stylers&quot;:[{&quot;color&quot;:&quot;#f2f2f2&quot;},{&quot;lightness&quot;:19}]},{&quot;featureType&quot;:&quot;administrative&quot;,&quot;elementType&quot;:&quot;geometry.fill&quot;,&quot;stylers&quot;:[{&quot;color&quot;:&quot;#fefefe&quot;},{&quot;lightness&quot;:20}]},{&quot;featureType&quot;:&quot;administrative&quot;,&quot;elementType&quot;:&quot;geometry.stroke&quot;,&quot;stylers&quot;:[{&quot;color&quot;:&quot;#fefefe&quot;},{&quot;lightness&quot;:17},{&quot;weight&quot;:1.1999999999999999555910790149937383830547332763671875}]}]}\" data-pins=\"[{&quot;address&quot;:&quot;&quot;,&quot;position&quot;:{&quot;lat&quot;:45.78497597264006202522068633697926998138427734375,&quot;lng&quot;:-72.0143345388933227013694704510271549224853515625},&quot;desc&quot;:&quot;&quot;,&quot;state&quot;:&quot;visible&quot;,&quot;image&quot;:&quot;https:\\\/\\\/symposiumdedanville.com\\\/symposium\\\/wp-content\\\/uploads\\\/2023\\\/07\\\/Logo-Symposium-Art-Danville.svg&quot;,&quot;image_width&quot;:90,&quot;image_height&quot;:90}]\"><\/div>\t\t\t\t<\/div>\n\t\t\t\t<\/div>\n\t\t\t\t<\/div>\n\t\t\t\t<\/div>\n\t\t","protected":false},"excerpt":{"rendered":"<p>39A, rue D\u00e9p\u00f4t, Danvi\u013ale J0A1A0 Contactez-nous Vous avez une demande? Une question? N\u2019h\u00e9sitez pas.<\/p>\n","protected":false},"author":1,"featured_media":0,"parent":0,"menu_order":0,"comment_status":"closed","ping_status":"closed","template":"","meta":{"_exactmetrics_skip_tracking":false,"_exactmetrics_sitenote_active":false,"_exactmetrics_sitenote_note":"","_exactmetrics_sitenote_category":0,"footnotes":""},"class_list":["post-1493","page","type-page","status-publish","hentry"],"yoast_head":"<!-- This site is optimized with the Yoast SEO plugin v27.3 - https:\/\/yoast.com\/product\/yoast-seo-wordpress\/ -->\n<title>Contact us - Symposium des arts de Danville<\/title>\n<meta name=\"robots\" content=\"index, follow, max-snippet:-1, max-image-preview:large, max-video-preview:-1\" \/>\n<link rel=\"canonical\" href=\"https:\/\/symposiumdedanville.com\/en\/contact-us\/\" \/>\n<meta property=\"og:locale\" content=\"en_US\" \/>\n<meta property=\"og:type\" content=\"article\" \/>\n<meta property=\"og:title\" content=\"Contact us - Symposium des arts de Danville\" \/>\n<meta property=\"og:description\" content=\"39A, rue D\u00e9p\u00f4t, Danvi\u013ale J0A1A0 Contactez-nous Vous avez une demande? Une question? N\u2019h\u00e9sitez pas.\" \/>\n<meta property=\"og:url\" content=\"https:\/\/symposiumdedanville.com\/en\/contact-us\/\" \/>\n<meta property=\"og:site_name\" content=\"Symposium des arts de Danville\" \/>\n<meta property=\"article:publisher\" content=\"https:\/\/www.facebook.com\/symposiumdedanville\" \/>\n<meta property=\"article:modified_time\" content=\"2024-12-18T19:30:34+00:00\" \/>\n<meta name=\"twitter:card\" content=\"summary_large_image\" \/>\n<meta name=\"twitter:label1\" content=\"Est. reading time\" \/>\n\t<meta name=\"twitter:data1\" content=\"10 minutes\" \/>\n<script type=\"application\/ld+json\" class=\"yoast-schema-graph\">{\"@context\":\"https:\\\/\\\/schema.org\",\"@graph\":[{\"@type\":\"WebPage\",\"@id\":\"https:\\\/\\\/symposiumdedanville.com\\\/en\\\/contact-us\\\/\",\"url\":\"https:\\\/\\\/symposiumdedanville.com\\\/en\\\/contact-us\\\/\",\"name\":\"Contact us - Symposium des arts de Danville\",\"isPartOf\":{\"@id\":\"https:\\\/\\\/symposiumdedanville.com\\\/en\\\/#website\"},\"datePublished\":\"2021-03-12T10:41:58+00:00\",\"dateModified\":\"2024-12-18T19:30:34+00:00\",\"breadcrumb\":{\"@id\":\"https:\\\/\\\/symposiumdedanville.com\\\/en\\\/contact-us\\\/#breadcrumb\"},\"inLanguage\":\"en-US\",\"potentialAction\":[{\"@type\":\"ReadAction\",\"target\":[\"https:\\\/\\\/symposiumdedanville.com\\\/en\\\/contact-us\\\/\"]}]},{\"@type\":\"BreadcrumbList\",\"@id\":\"https:\\\/\\\/symposiumdedanville.com\\\/en\\\/contact-us\\\/#breadcrumb\",\"itemListElement\":[{\"@type\":\"ListItem\",\"position\":1,\"name\":\"Symposium des arts de Danville\",\"item\":\"https:\\\/\\\/symposiumdedanville.com\\\/en\\\/\"},{\"@type\":\"ListItem\",\"position\":2,\"name\":\"Contact us\"}]},{\"@type\":\"WebSite\",\"@id\":\"https:\\\/\\\/symposiumdedanville.com\\\/en\\\/#website\",\"url\":\"https:\\\/\\\/symposiumdedanville.com\\\/en\\\/\",\"name\":\"Symposium des arts de Danville\",\"description\":\"\u00c9v\u00e8nement culturel et touristique de haute qualit\u00e9 o\u00f9 des artistes professionnels en arts visuels provenant de toutes les r\u00e9gions du Qu\u00e9bec.\",\"publisher\":{\"@id\":\"https:\\\/\\\/symposiumdedanville.com\\\/en\\\/#organization\"},\"potentialAction\":[{\"@type\":\"SearchAction\",\"target\":{\"@type\":\"EntryPoint\",\"urlTemplate\":\"https:\\\/\\\/symposiumdedanville.com\\\/en\\\/?s={search_term_string}\"},\"query-input\":{\"@type\":\"PropertyValueSpecification\",\"valueRequired\":true,\"valueName\":\"search_term_string\"}}],\"inLanguage\":\"en-US\"},{\"@type\":\"Organization\",\"@id\":\"https:\\\/\\\/symposiumdedanville.com\\\/en\\\/#organization\",\"name\":\"Symposium des arts de Danville\",\"url\":\"https:\\\/\\\/symposiumdedanville.com\\\/en\\\/\",\"logo\":{\"@type\":\"ImageObject\",\"inLanguage\":\"en-US\",\"@id\":\"https:\\\/\\\/symposiumdedanville.com\\\/en\\\/#\\\/schema\\\/logo\\\/image\\\/\",\"url\":\"https:\\\/\\\/symposiumdedanville.com\\\/symposium\\\/wp-content\\\/uploads\\\/2019\\\/07\\\/Logo-Symposium-Art-Danville.png\",\"contentUrl\":\"https:\\\/\\\/symposiumdedanville.com\\\/symposium\\\/wp-content\\\/uploads\\\/2019\\\/07\\\/Logo-Symposium-Art-Danville.png\",\"width\":300,\"height\":218,\"caption\":\"Symposium des arts de Danville\"},\"image\":{\"@id\":\"https:\\\/\\\/symposiumdedanville.com\\\/en\\\/#\\\/schema\\\/logo\\\/image\\\/\"},\"sameAs\":[\"https:\\\/\\\/www.facebook.com\\\/symposiumdedanville\"]}]}<\/script>\n<!-- \/ Yoast SEO plugin. -->","yoast_head_json":{"title":"Contact us - Symposium des arts de Danville","robots":{"index":"index","follow":"follow","max-snippet":"max-snippet:-1","max-image-preview":"max-image-preview:large","max-video-preview":"max-video-preview:-1"},"canonical":"https:\/\/symposiumdedanville.com\/en\/contact-us\/","og_locale":"en_US","og_type":"article","og_title":"Contact us - Symposium des arts de Danville","og_description":"39A, rue D\u00e9p\u00f4t, Danvi\u013ale J0A1A0 Contactez-nous Vous avez une demande? Une question? N\u2019h\u00e9sitez pas.","og_url":"https:\/\/symposiumdedanville.com\/en\/contact-us\/","og_site_name":"Symposium des arts de Danville","article_publisher":"https:\/\/www.facebook.com\/symposiumdedanville","article_modified_time":"2024-12-18T19:30:34+00:00","twitter_card":"summary_large_image","twitter_misc":{"Est. reading time":"10 minutes"},"schema":{"@context":"https:\/\/schema.org","@graph":[{"@type":"WebPage","@id":"https:\/\/symposiumdedanville.com\/en\/contact-us\/","url":"https:\/\/symposiumdedanville.com\/en\/contact-us\/","name":"Contact us - Symposium des arts de Danville","isPartOf":{"@id":"https:\/\/symposiumdedanville.com\/en\/#website"},"datePublished":"2021-03-12T10:41:58+00:00","dateModified":"2024-12-18T19:30:34+00:00","breadcrumb":{"@id":"https:\/\/symposiumdedanville.com\/en\/contact-us\/#breadcrumb"},"inLanguage":"en-US","potentialAction":[{"@type":"ReadAction","target":["https:\/\/symposiumdedanville.com\/en\/contact-us\/"]}]},{"@type":"BreadcrumbList","@id":"https:\/\/symposiumdedanville.com\/en\/contact-us\/#breadcrumb","itemListElement":[{"@type":"ListItem","position":1,"name":"Symposium des arts de Danville","item":"https:\/\/symposiumdedanville.com\/en\/"},{"@type":"ListItem","position":2,"name":"Contact us"}]},{"@type":"WebSite","@id":"https:\/\/symposiumdedanville.com\/en\/#website","url":"https:\/\/symposiumdedanville.com\/en\/","name":"Symposium des arts de Danville","description":"\u00c9v\u00e8nement culturel et touristique de haute qualit\u00e9 o\u00f9 des artistes professionnels en arts visuels provenant de toutes les r\u00e9gions du Qu\u00e9bec.","publisher":{"@id":"https:\/\/symposiumdedanville.com\/en\/#organization"},"potentialAction":[{"@type":"SearchAction","target":{"@type":"EntryPoint","urlTemplate":"https:\/\/symposiumdedanville.com\/en\/?s={search_term_string}"},"query-input":{"@type":"PropertyValueSpecification","valueRequired":true,"valueName":"search_term_string"}}],"inLanguage":"en-US"},{"@type":"Organization","@id":"https:\/\/symposiumdedanville.com\/en\/#organization","name":"Symposium des arts de Danville","url":"https:\/\/symposiumdedanville.com\/en\/","logo":{"@type":"ImageObject","inLanguage":"en-US","@id":"https:\/\/symposiumdedanville.com\/en\/#\/schema\/logo\/image\/","url":"https:\/\/symposiumdedanville.com\/symposium\/wp-content\/uploads\/2019\/07\/Logo-Symposium-Art-Danville.png","contentUrl":"https:\/\/symposiumdedanville.com\/symposium\/wp-content\/uploads\/2019\/07\/Logo-Symposium-Art-Danville.png","width":300,"height":218,"caption":"Symposium des arts de Danville"},"image":{"@id":"https:\/\/symposiumdedanville.com\/en\/#\/schema\/logo\/image\/"},"sameAs":["https:\/\/www.facebook.com\/symposiumdedanville"]}]}},"_links":{"self":[{"href":"https:\/\/symposiumdedanville.com\/en\/wp-json\/wp\/v2\/pages\/1493","targetHints":{"allow":["GET"]}}],"collection":[{"href":"https:\/\/symposiumdedanville.com\/en\/wp-json\/wp\/v2\/pages"}],"about":[{"href":"https:\/\/symposiumdedanville.com\/en\/wp-json\/wp\/v2\/types\/page"}],"author":[{"embeddable":true,"href":"https:\/\/symposiumdedanville.com\/en\/wp-json\/wp\/v2\/users\/1"}],"replies":[{"embeddable":true,"href":"https:\/\/symposiumdedanville.com\/en\/wp-json\/wp\/v2\/comments?post=1493"}],"version-history":[{"count":7,"href":"https:\/\/symposiumdedanville.com\/en\/wp-json\/wp\/v2\/pages\/1493\/revisions"}],"predecessor-version":[{"id":5963,"href":"https:\/\/symposiumdedanville.com\/en\/wp-json\/wp\/v2\/pages\/1493\/revisions\/5963"}],"wp:attachment":[{"href":"https:\/\/symposiumdedanville.com\/en\/wp-json\/wp\/v2\/media?parent=1493"}],"curies":[{"name":"wp","href":"https:\/\/api.w.org\/{rel}","templated":true}]}}