{"id":3992,"date":"2023-10-23T20:09:06","date_gmt":"2023-10-24T00:09:06","guid":{"rendered":"https:\/\/symposiumdedanville.com\/?page_id=3992"},"modified":"2023-10-23T20:12:01","modified_gmt":"2023-10-24T00:12:01","slug":"cookie-policy","status":"publish","type":"page","link":"https:\/\/symposiumdedanville.com\/en\/cookie-policy\/","title":{"rendered":"Cookie Policy"},"content":{"rendered":"<style>\n    a.cky-banner-element {<br \/>        padding: 8px 30px;<br \/>        background: #F8F9FA;<br \/>        color: #858A8F;<br \/>        border: 1px solid #DEE2E6;<br \/>        box-sizing: border-box;<br \/>        border-radius: 2px;<br \/>        cursor: pointer;<br \/>}<br \/><\/style>\n<p>Effective date: 22-Sep-2023<\/p>\n<p>Last updated: 18-Oct-2023<\/p>\n<h3>What are cookies?<\/h3>\n<p>This Cookie Policy explains what cookies are and how we use them, the types of cookies we use, i.e. the information we collect using cookies and how this information is used and how to manage cookie settings.<\/p>\n<p>Cookies are small text files used to store small pieces of information. They are stored on your device when the website is loaded on your browser. These cookies help us make the website work properly, make it more secure, provide a better user experience, understand how the website is performing, and analyze what is working and where it needs improvement.<\/p>\n<h3>How do we use these cookies?<\/h3>\n<p>Like most online services, our website uses first-party and third-party cookies for several purposes. First-party cookies are mostly necessary for the website to function properly and do not collect any of your personally identifiable information.<\/p>\n<p>The third-party cookies used on our website are primarily used to understand website performance, how you interact with our website, ensure the security of our services, provide advertisements of interest to you, and overall. to provide you with a better user experience and help speed up your future interactions with our website.<\/p>\n<h3>Cookie Policy<\/h3>\n<div class=\"cky-audit-table-element\"><\/div>\n<h5><\/h5>\n<h3 style=\"margin-bottom: 20px;\">Manage cookie preferences<\/h3>\n<p>Cookie Preferences<\/p>\n<div>\n<p>You can change your cookie preferences at any time by clicking the button above. This will allow you to review the cookie consent banner and change your preferences or withdraw your consent immediately.<\/p>\n<p>In addition to this, different browsers offer different methods for blocking and deleting cookies used by websites. You can change your browser settings to block\/delete cookies. Below you will find links to support documents on how to manage and delete cookies from major web browsers.<\/p>\n<p>Chrome: <a href=\"https:\/\/support.google.com\/accounts\/answer\/32050\">https:\/\/support.google.com\/accounts\/answer\/32050<\/a><\/p>\n<p>Safari: <a href=\"https:\/\/support.apple.com\/en-in\/guide\/safari\/sfri11471\/mac\">https:\/\/support.apple.com\/en-in\/guide\/safari\/sfri11471\/mac<\/a><\/p>\n<p>Firefox: <a href=\"https:\/\/support.mozilla.org\/en-US\/kb\/clear-cookies-and-site-data-firefox?redirectslug=delete-cookies-remove-info-websites-stored&amp;redirectlocale=en-US\">https:\/\/support.mozilla.org\/en-US\/kb\/clear-cookies-and-site-data-firefox?redirectslug=delete-cookies-remove-info-websites-stored&amp;redirectlocale=en-US<\/a><\/p>\n<p>Internet Explorer: <a href=\"https:\/\/support.microsoft.com\/en-us\/topic\/how-to-delete-cookie-files-in-internet-explorer-bca9446f-d873-78de-77ba-d42645fa52fc\">https:\/\/support.microsoft.com\/en-us\/topic\/how-to-delete-cookie-files-in-internet-explorer-bca9446f-d873-78de-77ba-d42645fa52fc<\/a><\/p>\n<p>If you are using another web browser, please consult the official support documents for your browser.<\/p>\n<\/div>\n","protected":false},"excerpt":{"rendered":"<p>Effective date: 22-Sep-2023 Last updated: 18-Oct-2023 What are cookies? This Cookie Policy explains what cookies are and how we use them, the types of cookies we use, i.e. the information we collect using cookies and how this information is used and how to manage cookie settings. Cookies are small text files used to store small [&hellip;]<\/p>\n","protected":false},"author":1,"featured_media":0,"parent":0,"menu_order":0,"comment_status":"closed","ping_status":"closed","template":"","meta":{"_exactmetrics_skip_tracking":false,"_exactmetrics_sitenote_active":false,"_exactmetrics_sitenote_note":"","_exactmetrics_sitenote_category":0,"footnotes":""},"class_list":["post-3992","page","type-page","status-publish","hentry"],"yoast_head":"<!-- This site is optimized with the Yoast SEO plugin v27.3 - https:\/\/yoast.com\/product\/yoast-seo-wordpress\/ -->\n<title>Cookie Policy - Symposium des arts de Danville<\/title>\n<meta name=\"robots\" content=\"index, follow, max-snippet:-1, max-image-preview:large, max-video-preview:-1\" \/>\n<link rel=\"canonical\" href=\"https:\/\/symposiumdedanville.com\/en\/cookie-policy\/\" \/>\n<meta property=\"og:locale\" content=\"en_US\" \/>\n<meta property=\"og:type\" content=\"article\" \/>\n<meta property=\"og:title\" content=\"Cookie Policy - Symposium des arts de Danville\" \/>\n<meta property=\"og:description\" content=\"Effective date: 22-Sep-2023 Last updated: 18-Oct-2023 What are cookies? This Cookie Policy explains what cookies are and how we use them, the types of cookies we use, i.e. the information we collect using cookies and how this information is used and how to manage cookie settings. Cookies are small text files used to store small [&hellip;]\" \/>\n<meta property=\"og:url\" content=\"https:\/\/symposiumdedanville.com\/en\/cookie-policy\/\" \/>\n<meta property=\"og:site_name\" content=\"Symposium des arts de Danville\" \/>\n<meta property=\"article:publisher\" content=\"https:\/\/www.facebook.com\/symposiumdedanville\" \/>\n<meta property=\"article:modified_time\" content=\"2023-10-24T00:12:01+00:00\" \/>\n<meta name=\"twitter:card\" content=\"summary_large_image\" \/>\n<meta name=\"twitter:label1\" content=\"Est. reading time\" \/>\n\t<meta name=\"twitter:data1\" content=\"2 minutes\" \/>\n<script type=\"application\/ld+json\" class=\"yoast-schema-graph\">{\"@context\":\"https:\\\/\\\/schema.org\",\"@graph\":[{\"@type\":\"WebPage\",\"@id\":\"https:\\\/\\\/symposiumdedanville.com\\\/en\\\/cookie-policy\\\/\",\"url\":\"https:\\\/\\\/symposiumdedanville.com\\\/en\\\/cookie-policy\\\/\",\"name\":\"Cookie Policy - Symposium des arts de Danville\",\"isPartOf\":{\"@id\":\"https:\\\/\\\/symposiumdedanville.com\\\/en\\\/#website\"},\"datePublished\":\"2023-10-24T00:09:06+00:00\",\"dateModified\":\"2023-10-24T00:12:01+00:00\",\"breadcrumb\":{\"@id\":\"https:\\\/\\\/symposiumdedanville.com\\\/en\\\/cookie-policy\\\/#breadcrumb\"},\"inLanguage\":\"en-US\",\"potentialAction\":[{\"@type\":\"ReadAction\",\"target\":[\"https:\\\/\\\/symposiumdedanville.com\\\/en\\\/cookie-policy\\\/\"]}]},{\"@type\":\"BreadcrumbList\",\"@id\":\"https:\\\/\\\/symposiumdedanville.com\\\/en\\\/cookie-policy\\\/#breadcrumb\",\"itemListElement\":[{\"@type\":\"ListItem\",\"position\":1,\"name\":\"Symposium des arts de Danville\",\"item\":\"https:\\\/\\\/symposiumdedanville.com\\\/en\\\/\"},{\"@type\":\"ListItem\",\"position\":2,\"name\":\"Cookie Policy\"}]},{\"@type\":\"WebSite\",\"@id\":\"https:\\\/\\\/symposiumdedanville.com\\\/en\\\/#website\",\"url\":\"https:\\\/\\\/symposiumdedanville.com\\\/en\\\/\",\"name\":\"Symposium des arts de Danville\",\"description\":\"\u00c9v\u00e8nement culturel et touristique de haute qualit\u00e9 o\u00f9 des artistes professionnels en arts visuels provenant de toutes les r\u00e9gions du Qu\u00e9bec.\",\"publisher\":{\"@id\":\"https:\\\/\\\/symposiumdedanville.com\\\/en\\\/#organization\"},\"potentialAction\":[{\"@type\":\"SearchAction\",\"target\":{\"@type\":\"EntryPoint\",\"urlTemplate\":\"https:\\\/\\\/symposiumdedanville.com\\\/en\\\/?s={search_term_string}\"},\"query-input\":{\"@type\":\"PropertyValueSpecification\",\"valueRequired\":true,\"valueName\":\"search_term_string\"}}],\"inLanguage\":\"en-US\"},{\"@type\":\"Organization\",\"@id\":\"https:\\\/\\\/symposiumdedanville.com\\\/en\\\/#organization\",\"name\":\"Symposium des arts de Danville\",\"url\":\"https:\\\/\\\/symposiumdedanville.com\\\/en\\\/\",\"logo\":{\"@type\":\"ImageObject\",\"inLanguage\":\"en-US\",\"@id\":\"https:\\\/\\\/symposiumdedanville.com\\\/en\\\/#\\\/schema\\\/logo\\\/image\\\/\",\"url\":\"https:\\\/\\\/symposiumdedanville.com\\\/symposium\\\/wp-content\\\/uploads\\\/2019\\\/07\\\/Logo-Symposium-Art-Danville.png\",\"contentUrl\":\"https:\\\/\\\/symposiumdedanville.com\\\/symposium\\\/wp-content\\\/uploads\\\/2019\\\/07\\\/Logo-Symposium-Art-Danville.png\",\"width\":300,\"height\":218,\"caption\":\"Symposium des arts de Danville\"},\"image\":{\"@id\":\"https:\\\/\\\/symposiumdedanville.com\\\/en\\\/#\\\/schema\\\/logo\\\/image\\\/\"},\"sameAs\":[\"https:\\\/\\\/www.facebook.com\\\/symposiumdedanville\"]}]}<\/script>\n<!-- \/ Yoast SEO plugin. -->","yoast_head_json":{"title":"Cookie Policy - Symposium des arts de Danville","robots":{"index":"index","follow":"follow","max-snippet":"max-snippet:-1","max-image-preview":"max-image-preview:large","max-video-preview":"max-video-preview:-1"},"canonical":"https:\/\/symposiumdedanville.com\/en\/cookie-policy\/","og_locale":"en_US","og_type":"article","og_title":"Cookie Policy - Symposium des arts de Danville","og_description":"Effective date: 22-Sep-2023 Last updated: 18-Oct-2023 What are cookies? This Cookie Policy explains what cookies are and how we use them, the types of cookies we use, i.e. the information we collect using cookies and how this information is used and how to manage cookie settings. Cookies are small text files used to store small [&hellip;]","og_url":"https:\/\/symposiumdedanville.com\/en\/cookie-policy\/","og_site_name":"Symposium des arts de Danville","article_publisher":"https:\/\/www.facebook.com\/symposiumdedanville","article_modified_time":"2023-10-24T00:12:01+00:00","twitter_card":"summary_large_image","twitter_misc":{"Est. reading time":"2 minutes"},"schema":{"@context":"https:\/\/schema.org","@graph":[{"@type":"WebPage","@id":"https:\/\/symposiumdedanville.com\/en\/cookie-policy\/","url":"https:\/\/symposiumdedanville.com\/en\/cookie-policy\/","name":"Cookie Policy - Symposium des arts de Danville","isPartOf":{"@id":"https:\/\/symposiumdedanville.com\/en\/#website"},"datePublished":"2023-10-24T00:09:06+00:00","dateModified":"2023-10-24T00:12:01+00:00","breadcrumb":{"@id":"https:\/\/symposiumdedanville.com\/en\/cookie-policy\/#breadcrumb"},"inLanguage":"en-US","potentialAction":[{"@type":"ReadAction","target":["https:\/\/symposiumdedanville.com\/en\/cookie-policy\/"]}]},{"@type":"BreadcrumbList","@id":"https:\/\/symposiumdedanville.com\/en\/cookie-policy\/#breadcrumb","itemListElement":[{"@type":"ListItem","position":1,"name":"Symposium des arts de Danville","item":"https:\/\/symposiumdedanville.com\/en\/"},{"@type":"ListItem","position":2,"name":"Cookie Policy"}]},{"@type":"WebSite","@id":"https:\/\/symposiumdedanville.com\/en\/#website","url":"https:\/\/symposiumdedanville.com\/en\/","name":"Symposium des arts de Danville","description":"\u00c9v\u00e8nement culturel et touristique de haute qualit\u00e9 o\u00f9 des artistes professionnels en arts visuels provenant de toutes les r\u00e9gions du Qu\u00e9bec.","publisher":{"@id":"https:\/\/symposiumdedanville.com\/en\/#organization"},"potentialAction":[{"@type":"SearchAction","target":{"@type":"EntryPoint","urlTemplate":"https:\/\/symposiumdedanville.com\/en\/?s={search_term_string}"},"query-input":{"@type":"PropertyValueSpecification","valueRequired":true,"valueName":"search_term_string"}}],"inLanguage":"en-US"},{"@type":"Organization","@id":"https:\/\/symposiumdedanville.com\/en\/#organization","name":"Symposium des arts de Danville","url":"https:\/\/symposiumdedanville.com\/en\/","logo":{"@type":"ImageObject","inLanguage":"en-US","@id":"https:\/\/symposiumdedanville.com\/en\/#\/schema\/logo\/image\/","url":"https:\/\/symposiumdedanville.com\/symposium\/wp-content\/uploads\/2019\/07\/Logo-Symposium-Art-Danville.png","contentUrl":"https:\/\/symposiumdedanville.com\/symposium\/wp-content\/uploads\/2019\/07\/Logo-Symposium-Art-Danville.png","width":300,"height":218,"caption":"Symposium des arts de Danville"},"image":{"@id":"https:\/\/symposiumdedanville.com\/en\/#\/schema\/logo\/image\/"},"sameAs":["https:\/\/www.facebook.com\/symposiumdedanville"]}]}},"_links":{"self":[{"href":"https:\/\/symposiumdedanville.com\/en\/wp-json\/wp\/v2\/pages\/3992","targetHints":{"allow":["GET"]}}],"collection":[{"href":"https:\/\/symposiumdedanville.com\/en\/wp-json\/wp\/v2\/pages"}],"about":[{"href":"https:\/\/symposiumdedanville.com\/en\/wp-json\/wp\/v2\/types\/page"}],"author":[{"embeddable":true,"href":"https:\/\/symposiumdedanville.com\/en\/wp-json\/wp\/v2\/users\/1"}],"replies":[{"embeddable":true,"href":"https:\/\/symposiumdedanville.com\/en\/wp-json\/wp\/v2\/comments?post=3992"}],"version-history":[{"count":2,"href":"https:\/\/symposiumdedanville.com\/en\/wp-json\/wp\/v2\/pages\/3992\/revisions"}],"predecessor-version":[{"id":3994,"href":"https:\/\/symposiumdedanville.com\/en\/wp-json\/wp\/v2\/pages\/3992\/revisions\/3994"}],"wp:attachment":[{"href":"https:\/\/symposiumdedanville.com\/en\/wp-json\/wp\/v2\/media?parent=3992"}],"curies":[{"name":"wp","href":"https:\/\/api.w.org\/{rel}","templated":true}]}}